
{"id":1306,"date":"2024-10-10T15:51:59","date_gmt":"2024-10-10T13:51:59","guid":{"rendered":"http:\/\/vxesyvy.cluster023.hosting.ovh.net\/?page_id=1306"},"modified":"2024-11-30T18:44:16","modified_gmt":"2024-11-30T17:44:16","slug":"abeilles","status":"publish","type":"page","link":"https:\/\/blackfox-nature.com\/de\/engagements\/abeilles\/","title":{"rendered":"Der Fuchs und die Bienen, eine Geschichte der Rettung"},"content":{"rendered":"<div data-elementor-type=\"wp-page\" data-elementor-id=\"1306\" class=\"elementor elementor-1306\" data-elementor-post-type=\"page\">\n\t\t\t\t<div class=\"elementor-element elementor-element-95c96c4 e-con-full e-flex e-con e-parent\" data-id=\"95c96c4\" data-element_type=\"container\" data-e-type=\"container\">\n\t\t<div class=\"elementor-element elementor-element-46be690 e-flex e-con-boxed e-con e-child\" data-id=\"46be690\" data-element_type=\"container\" data-e-type=\"container\">\n\t\t\t\t\t<div class=\"e-con-inner\">\n\t\t\t\t<div class=\"elementor-element elementor-element-4104a52 elementor-widget elementor-widget-button\" data-id=\"4104a52\" data-element_type=\"widget\" data-e-type=\"widget\" data-widget_type=\"button.default\">\n\t\t\t\t<div class=\"elementor-widget-container\">\n\t\t\t\t\t\t\t\t\t<div class=\"elementor-button-wrapper\">\n\t\t\t\t\t<a class=\"elementor-button elementor-button-link elementor-size-sm\" href=\"\/de\/engagements\/\">\n\t\t\t\t\t\t<span class=\"elementor-button-content-wrapper\">\n\t\t\t\t\t\t<span class=\"elementor-button-icon\">\n\t\t\t\t<svg aria-hidden=\"true\" class=\"e-font-icon-svg e-fas-angle-left\" viewbox=\"0 0 256 512\" xmlns=\"http:\/\/www.w3.org\/2000\/svg\"><path d=\"M31.7 239l136-136c9.4-9.4 24.6-9.4 33.9 0l22.6 22.6c9.4 9.4 9.4 24.6 0 33.9L127.9 256l96.4 96.4c9.4 9.4 9.4 24.6 0 33.9L201.7 409c-9.4 9.4-24.6 9.4-33.9 0l-136-136c-9.5-9.4-9.5-24.6-.1-34z\"><\/path><\/svg>\t\t\t<\/span>\n\t\t\t\t\t\t\t\t\t<span class=\"elementor-button-text\">Unsere Verpflichtungen<\/span>\n\t\t\t\t\t<\/span>\n\t\t\t\t\t<\/a>\n\t\t\t\t<\/div>\n\t\t\t\t\t\t\t\t<\/div>\n\t\t\t\t<\/div>\n\t\t\t\t<div class=\"elementor-element elementor-element-9009992 elementor-widget__width-initial elementor-invisible elementor-widget elementor-widget-heading\" data-id=\"9009992\" data-element_type=\"widget\" data-e-type=\"widget\" data-settings=\"{&quot;_animation&quot;:&quot;fadeInUp&quot;}\" data-widget_type=\"heading.default\">\n\t\t\t\t<div class=\"elementor-widget-container\">\n\t\t\t\t\t<h2 class=\"elementor-heading-title elementor-size-default\">Der Fuchs und die Bienen, eine Geschichte der Rettung<\/h2>\t\t\t\t<\/div>\n\t\t\t\t<\/div>\n\t\t\t\t<div class=\"elementor-element elementor-element-1d4f007 elementor-widget__width-initial elementor-widget elementor-widget-text-editor\" data-id=\"1d4f007\" data-element_type=\"widget\" data-e-type=\"widget\" data-widget_type=\"text-editor.default\">\n\t\t\t\t<div class=\"elementor-widget-container\">\n\t\t\t\t\t\t\t\t\t<p><span style=\"font-weight: 400;\">Seit 2014 sind wir stolzer Partner des Unternehmens \u201eEin Dach f\u00fcr Bienen\u201c. <strong>Was ist ihre Mission? Unsere Freundinnen, die Bienen, zu retten, indem sie mit leidenschaftlichen Imkern in ganz Frankreich zusammenarbeiten. <\/strong>Bienen sind f\u00fcr unsere G\u00e4rten und die gesamte Biodiversit\u00e4t von entscheidender Bedeutung. Kurz gesagt: Sie sind f\u00fcr das Gleichgewicht unseres \u00d6kosystems unverzichtbar.<\/span><\/p><p><span style=\"font-weight: 400;\"><strong>Um zu dieser Sache beizutragen, haben wir unseren eigenen Bienenstock \u201eBlackfox\u201c bei dem Imker David Devergne aufgestellt, <\/strong>25 km von unserem Hauptsitz entfernt in der N\u00e4he von Cholet (Maine et Loire). Aber das ist noch nicht alles! Erst k\u00fcrzlich haben wir auch <strong>eine Bienenschlafstelle f\u00fcr unsere kleinen einsamen Arbeiterinnen eingerichtet. <\/strong>Dieser Schlafplatz erm\u00f6glicht es Wildbienen, ihre Nester zu bauen und ihre Eier darin abzulegen. Die Larven verwandeln sich dann in Kokons, die wir beobachten k\u00f6nnen, bevor wir sie an \u201eEin Dach f\u00fcr Bienen\u201c zur\u00fcckschicken, damit sie den ganzen Winter \u00fcber verw\u00f6hnt werden.<\/span><\/p><p><span style=\"font-weight: 400;\">Wir sensibilisieren unsere Mitarbeiter, Kunden und Verbraucher durch verschiedene Aktionen: Aufstellen von Lehrtafeln, Besuche von Bienenst\u00f6cken, Newsletter, geschenkte Honiggl\u00e4ser und inspirierende Posts in den sozialen Netzwerken.<\/span><\/p><p><strong>Haben Sie Lust, sich dem Abenteuer anzuschlie\u00dfen? \u00dcbernehmen auch Sie die Patenschaft f\u00fcr Ihren eigenen Bienenstock und werden Sie ein Bienenversteher!<\/strong><\/p>\t\t\t\t\t\t\t\t<\/div>\n\t\t\t\t<\/div>\n\t\t\t\t<div class=\"elementor-element elementor-element-bc7c179 elementor-align-left elementor-invisible elementor-widget elementor-widget-button\" data-id=\"bc7c179\" data-element_type=\"widget\" data-e-type=\"widget\" data-settings=\"{&quot;_animation_delay&quot;:300,&quot;_animation&quot;:&quot;fadeIn&quot;}\" data-widget_type=\"button.default\">\n\t\t\t\t<div class=\"elementor-widget-container\">\n\t\t\t\t\t\t\t\t\t<div class=\"elementor-button-wrapper\">\n\t\t\t\t\t<a class=\"elementor-button elementor-button-link elementor-size-sm\" href=\"https:\/\/www.untoitpourlesabeilles.fr\/\" target=\"_blank\">\n\t\t\t\t\t\t<span class=\"elementor-button-content-wrapper\">\n\t\t\t\t\t\t\t\t\t<span class=\"elementor-button-text\">Ein Dach f\u00fcr die Bienen<\/span>\n\t\t\t\t\t<\/span>\n\t\t\t\t\t<\/a>\n\t\t\t\t<\/div>\n\t\t\t\t\t\t\t\t<\/div>\n\t\t\t\t<\/div>\n\t\t<div class=\"elementor-element elementor-element-501be7f e-con-full e-flex e-con e-child\" data-id=\"501be7f\" data-element_type=\"container\" data-e-type=\"container\">\n\t\t<div class=\"elementor-element elementor-element-4ba54a0 e-con-full e-flex elementor-invisible e-con e-child\" data-id=\"4ba54a0\" data-element_type=\"container\" data-e-type=\"container\" data-settings=\"{&quot;background_background&quot;:&quot;classic&quot;,&quot;animation&quot;:&quot;fadeIn&quot;}\">\n\t\t\t\t<\/div>\n\t\t<div class=\"elementor-element elementor-element-90cdef1 e-con-full e-flex e-con e-child\" data-id=\"90cdef1\" data-element_type=\"container\" data-e-type=\"container\" data-settings=\"{&quot;background_background&quot;:&quot;classic&quot;}\">\n\t\t\t\t<div class=\"elementor-element elementor-element-0ae253a radius-1 elementor-invisible elementor-widget elementor-widget-image\" data-id=\"0ae253a\" data-element_type=\"widget\" data-e-type=\"widget\" data-settings=\"{&quot;_animation&quot;:&quot;fadeIn&quot;,&quot;_animation_delay&quot;:200}\" data-widget_type=\"image.default\">\n\t\t\t\t<div class=\"elementor-widget-container\">\n\t\t\t\t\t\t\t\t\t\t\t\t\t\t\t<img fetchpriority=\"high\" decoding=\"async\" width=\"768\" height=\"511\" src=\"https:\/\/blackfox-nature.com\/wp-content\/uploads\/2024\/10\/utpa-1-1-768x511.jpg\" class=\"attachment-medium_large size-medium_large wp-image-1299\" alt=\"\" srcset=\"https:\/\/blackfox-nature.com\/wp-content\/uploads\/2024\/10\/utpa-1-1-768x511.jpg 768w, https:\/\/blackfox-nature.com\/wp-content\/uploads\/2024\/10\/utpa-1-1-300x200.jpg 300w, https:\/\/blackfox-nature.com\/wp-content\/uploads\/2024\/10\/utpa-1-1-1024x682.jpg 1024w, https:\/\/blackfox-nature.com\/wp-content\/uploads\/2024\/10\/utpa-1-1-1536x1022.jpg 1536w, https:\/\/blackfox-nature.com\/wp-content\/uploads\/2024\/10\/utpa-1-1-18x12.jpg 18w, https:\/\/blackfox-nature.com\/wp-content\/uploads\/2024\/10\/utpa-1-1.jpg 1600w\" sizes=\"(max-width: 768px) 100vw, 768px\" \/>\t\t\t\t\t\t\t\t\t\t\t\t\t\t\t<\/div>\n\t\t\t\t<\/div>\n\t\t\t\t<div class=\"elementor-element elementor-element-64d2c7f radius-4 elementor-invisible elementor-widget elementor-widget-image\" data-id=\"64d2c7f\" data-element_type=\"widget\" data-e-type=\"widget\" data-settings=\"{&quot;_animation&quot;:&quot;fadeIn&quot;,&quot;_animation_delay&quot;:600}\" data-widget_type=\"image.default\">\n\t\t\t\t<div class=\"elementor-widget-container\">\n\t\t\t\t\t\t\t\t\t\t\t\t\t\t\t<img decoding=\"async\" width=\"768\" height=\"575\" src=\"https:\/\/blackfox-nature.com\/wp-content\/uploads\/2024\/10\/UTPA-5-1-768x575.jpg\" class=\"attachment-medium_large size-medium_large wp-image-1300\" alt=\"\" srcset=\"https:\/\/blackfox-nature.com\/wp-content\/uploads\/2024\/10\/UTPA-5-1-768x575.jpg 768w, https:\/\/blackfox-nature.com\/wp-content\/uploads\/2024\/10\/UTPA-5-1-300x224.jpg 300w, https:\/\/blackfox-nature.com\/wp-content\/uploads\/2024\/10\/UTPA-5-1-1024x766.jpg 1024w, https:\/\/blackfox-nature.com\/wp-content\/uploads\/2024\/10\/UTPA-5-1-1536x1149.jpg 1536w, https:\/\/blackfox-nature.com\/wp-content\/uploads\/2024\/10\/UTPA-5-1-16x12.jpg 16w, https:\/\/blackfox-nature.com\/wp-content\/uploads\/2024\/10\/UTPA-5-1.jpg 1600w\" sizes=\"(max-width: 768px) 100vw, 768px\" \/>\t\t\t\t\t\t\t\t\t\t\t\t\t\t\t<\/div>\n\t\t\t\t<\/div>\n\t\t\t\t<div class=\"elementor-element elementor-element-f5e5813 radius-2 elementor-invisible elementor-widget elementor-widget-image\" data-id=\"f5e5813\" data-element_type=\"widget\" data-e-type=\"widget\" data-settings=\"{&quot;_animation&quot;:&quot;fadeIn&quot;,&quot;_animation_delay&quot;:800}\" data-widget_type=\"image.default\">\n\t\t\t\t<div class=\"elementor-widget-container\">\n\t\t\t\t\t\t\t\t\t\t\t\t\t\t\t<img decoding=\"async\" width=\"768\" height=\"513\" src=\"https:\/\/blackfox-nature.com\/wp-content\/uploads\/2024\/10\/UTPA-3-1-768x513.jpg\" class=\"attachment-medium_large size-medium_large wp-image-1302\" alt=\"\" srcset=\"https:\/\/blackfox-nature.com\/wp-content\/uploads\/2024\/10\/UTPA-3-1-768x513.jpg 768w, https:\/\/blackfox-nature.com\/wp-content\/uploads\/2024\/10\/UTPA-3-1-300x200.jpg 300w, https:\/\/blackfox-nature.com\/wp-content\/uploads\/2024\/10\/UTPA-3-1-1024x684.jpg 1024w, https:\/\/blackfox-nature.com\/wp-content\/uploads\/2024\/10\/UTPA-3-1-1536x1025.jpg 1536w, https:\/\/blackfox-nature.com\/wp-content\/uploads\/2024\/10\/UTPA-3-1-18x12.jpg 18w, https:\/\/blackfox-nature.com\/wp-content\/uploads\/2024\/10\/UTPA-3-1.jpg 1600w\" sizes=\"(max-width: 768px) 100vw, 768px\" \/>\t\t\t\t\t\t\t\t\t\t\t\t\t\t\t<\/div>\n\t\t\t\t<\/div>\n\t\t\t\t<\/div>\n\t\t\t\t<\/div>\n\t\t\t\t\t<\/div>\n\t\t\t\t<\/div>\n\t\t\t\t<\/div>\n\t\t\t\t<\/div>","protected":false},"excerpt":{"rendered":"<p>Nos engagements Le renard et les abeilles, une histoire de sauvegarde Depuis 2014, nous sommes fiers d\u2019\u00eatre partenaire de l\u2019entreprise \u00ab\u00a0Un Toit pour les Abeilles\u00a0\u00bb. Leur mission ? Sauver nos amies les abeilles en collaborant avec des apiculteurs passionn\u00e9s de toute la France. Les abeilles sont essentielles pour nos jardins et toute la biodiversit\u00e9. En [&hellip;]<\/p>\n","protected":false},"author":1,"featured_media":0,"parent":34,"menu_order":0,"comment_status":"closed","ping_status":"closed","template":"","meta":{"_acf_changed":false,"footnotes":""},"class_list":["post-1306","page","type-page","status-publish","hentry"],"acf":[],"_links":{"self":[{"href":"https:\/\/blackfox-nature.com\/de\/wp-json\/wp\/v2\/pages\/1306","targetHints":{"allow":["GET"]}}],"collection":[{"href":"https:\/\/blackfox-nature.com\/de\/wp-json\/wp\/v2\/pages"}],"about":[{"href":"https:\/\/blackfox-nature.com\/de\/wp-json\/wp\/v2\/types\/page"}],"author":[{"embeddable":true,"href":"https:\/\/blackfox-nature.com\/de\/wp-json\/wp\/v2\/users\/1"}],"replies":[{"embeddable":true,"href":"https:\/\/blackfox-nature.com\/de\/wp-json\/wp\/v2\/comments?post=1306"}],"version-history":[{"count":0,"href":"https:\/\/blackfox-nature.com\/de\/wp-json\/wp\/v2\/pages\/1306\/revisions"}],"up":[{"embeddable":true,"href":"https:\/\/blackfox-nature.com\/de\/wp-json\/wp\/v2\/pages\/34"}],"wp:attachment":[{"href":"https:\/\/blackfox-nature.com\/de\/wp-json\/wp\/v2\/media?parent=1306"}],"curies":[{"name":"wp","href":"https:\/\/api.w.org\/{rel}","templated":true}]}}