
{"id":2346,"date":"2024-11-20T14:09:00","date_gmt":"2024-11-20T13:09:00","guid":{"rendered":"http:\/\/vxesyvy.cluster023.hosting.ovh.net\/?page_id=2346"},"modified":"2026-02-04T18:34:10","modified_gmt":"2026-02-04T17:34:10","slug":"mentions-legales","status":"publish","type":"page","link":"https:\/\/blackfox-nature.com\/de\/mentions-legales\/","title":{"rendered":"Rechtliche Hinweise"},"content":{"rendered":"<div data-elementor-type=\"wp-page\" data-elementor-id=\"2346\" class=\"elementor elementor-2346\" data-elementor-post-type=\"page\">\n\t\t\t\t<div class=\"elementor-element elementor-element-023df2b e-con-full e-flex e-con e-parent\" data-id=\"023df2b\" data-element_type=\"container\" data-e-type=\"container\">\n\t\t<div class=\"elementor-element elementor-element-3133bbf e-flex e-con-boxed e-con e-child\" data-id=\"3133bbf\" data-element_type=\"container\" data-e-type=\"container\">\n\t\t\t\t\t<div class=\"e-con-inner\">\n\t\t\t\t<div class=\"elementor-element elementor-element-c2273be elementor-widget__width-initial animated-slow elementor-invisible elementor-widget elementor-widget-heading\" data-id=\"c2273be\" data-element_type=\"widget\" data-e-type=\"widget\" data-settings=\"{&quot;_animation&quot;:&quot;fadeInUp&quot;}\" data-widget_type=\"heading.default\">\n\t\t\t\t<div class=\"elementor-widget-container\">\n\t\t\t\t\t<h2 class=\"elementor-heading-title elementor-size-default\">Rechtliche Hinweise<\/h2>\t\t\t\t<\/div>\n\t\t\t\t<\/div>\n\t\t\t\t<div class=\"elementor-element elementor-element-ec19263 text-with-green-link elementor-widget elementor-widget-text-editor\" data-id=\"ec19263\" data-element_type=\"widget\" data-e-type=\"widget\" data-widget_type=\"text-editor.default\">\n\t\t\t\t<div class=\"elementor-widget-container\">\n\t\t\t\t\t\t\t\t\t<h3><b>Herausgeber der Website<\/b><\/h3><p><span style=\"font-weight: 400;\">Blackfox, eine vereinfachte Aktiengesellschaft mit einem Kapital von 5.000.000 Euro, mit Sitz in 19 avenue des Pays Bas, ZA du Val de Moine Saint-Germain-sur-Moine, 49230 SEVREMOINE (Frankreich), eingetragen im Handels- und Gesellschaftsregister von ANGERS unter der Nummer 351 962 964.<\/span><span style=\"font-weight: 400;\"><br \/><\/span><span style=\"font-weight: 400;\"><br \/><\/span><span style=\"font-weight: 400;\">Innergemeinschaftliche Umsatzsteuer-Identifikationsnummer: FR60 351 962 964<\/span><span style=\"font-weight: 400;\"><br \/><\/span><span style=\"font-weight: 400;\">Telefonnummer: + 33 (0)2 41 63 35 36<\/span><span style=\"font-weight: 400;\"><br \/><\/span><span style=\"font-weight: 400;\">E-Mail-Adresse: <\/span><a href=\"mailto:contact@blackfox-nature.com\"><span style=\"font-weight: 400;\">contact@blackfox-nature.com<\/span><span style=\"font-weight: 400;\"><br \/><\/span><\/a><span style=\"font-weight: 400;\">Verantwortlich f\u00fcr die Ver\u00f6ffentlichung: J\u00e9r\u00f4me SUBILEAU<\/span><\/p><p><span style=\"font-weight: 400;\">INDEX d&rsquo;\u00e9galit\u00e9 professionnelle femmes hommes 2025 : 87\/100<\/span><span style=\"font-weight: 400;\"><br \/><\/span><span style=\"font-weight: 400;\"><br \/><\/span><span style=\"font-weight: 400;\">Beschwerden \u00fcber die Nutzung der Website k\u00f6nnen an die oben genannte E-Mail-Adresse gerichtet werden: <a href=\"mailto:contact@ blackfox-nature.com\">contact@<\/a><\/span> <span style=\"font-weight: 400;\">blackfox-nature.com <\/span><span style=\"font-weight: 400;\"><br \/><\/span><span style=\"font-weight: 400;\"><br \/><\/span><span style=\"font-weight: 400;\">Website erstellt von <\/span><a href=\"https:\/\/reference-club.fr\/\"><span style=\"font-weight: 400;\">Reference Club<\/span><\/a><\/p><h3><b>Host der Website<\/b><\/h3><p><span style=\"font-weight: 400;\">Firma OVH, Soci\u00e9t\u00e9 par actions simplifi\u00e9e \u00e0 associ\u00e9 unique, mit Sitz in 2, rue Kellermann 59100 Roubaix, FRANCE und eingetragen im Handels- und Gesellschaftsregister von Lille M\u00e9tropole B 424 761 419, unter der Nummer: 42476141900045<\/span><span style=\"font-weight: 400;\">\u00a0<\/span><\/p><h3><b>Foto-Credit<\/b><\/h3><p><span style=\"font-weight: 400;\">Blackfox <\/span><span style=\"font-weight: 400;\"><br \/><\/span><span style=\"font-weight: 400;\">J\u00e9r\u00f4me TANNE<br \/><\/span><span style=\"font-weight: 400;\" data-rich-links=\"{&quot;per_n&quot;:&quot;Aline MARTINEAU&quot;,&quot;per_e&quot;:&quot;amartineau@ajs.fr&quot;,&quot;type&quot;:&quot;person&quot;}\">Aline MARTINEAU<\/span><\/p><h3><strong>Informations environnementales \u2013 Conformit\u00e9 avec la loi AGEC<\/strong><\/h3><p><span style=\"font-weight: 400;\">Conform\u00e9ment \u00e0 la loi n\u00b02020-105 du 10 f\u00e9vrier 2020 relative \u00e0 la lutte contre le gaspillage et \u00e0 l&rsquo;\u00e9conomie circulaire (loi AGEC), notre entreprise met \u00e0 disposition les informations environnementales des produits distribu\u00e9s. Ces donn\u00e9es sont accessibles au format r\u00e9utilisable et exploitable via un fichier t\u00e9l\u00e9chargeable sur notre site.<\/span><\/p><p>Vous pouvez consulter et t\u00e9l\u00e9charger ce fichier en cliquant <a href=\"https:\/\/blackfox-nature.com\/wp-content\/ressources\/agec\/fichier-article-13-loi-agec.xlsx\">ici<\/a>.<\/p><h3><b>Verwendung von Cookies<\/b><\/h3><p><span style=\"font-weight: 400;\">Cookies sind kleine Dateien, die beim Besuch einer Website abgelegt und\/oder gelesen werden k\u00f6nnen, unabh\u00e4ngig von der Art des verwendeten Endger\u00e4ts. Blackfox und seine Partner verwenden obligatorische Cookies, um das reibungslose Funktionieren der Website zu gew\u00e4hrleisten :<\/span><\/p><ul><li><span style=\"font-weight: 400;\">Kontaktformular <\/span><\/li><li>Wahl der Sprache<\/li><li>Informationen f\u00fcr Google reCAPTCHA<\/li><\/ul><p><span style=\"font-weight: 400;\">Wir verwenden auch Cookies, um das Publikum und die Leistung der Website zu messen Google Analytics: Die JavaScript-Bibliotheken von Google Analytics verwenden HTTP-Cookies, um sich zu \u201emerken\u201c, was ein Nutzer auf vorherigen Seiten \/ Interaktionen mit der Website getan hat. Die Nutzer der Website k\u00f6nnen alle Cookies annehmen oder ablehnen oder ihre Wahl je nach Zweck anpassen.<\/span><\/p><p><span style=\"font-weight: 400;\">Die Wahl des Nutzers wird mithilfe eines Cookie-Banners beim \u00d6ffnen der Website gesammelt. Der Nutzer kann seine Wahl jederzeit \u00e4ndern, indem er auf einen Link am Ende jeder Seite der Website mit dem Titel \u201eCookie-Pr\u00e4ferenzen\u201c klickt. Das blo\u00dfe Weitersurfen auf der Website gilt nicht als Zustimmung. Die Auswahl wird 13 Monate lang gespeichert.<\/span><\/p><p><span style=\"font-weight: 400;\">F\u00fcr weitere Informationen \u00fcber Cookies kann der Nutzer die Website der <\/span><a href=\"https:\/\/www.cnil.fr\/fr\/cookies-et-autres-traceurs\"><span style=\"font-weight: 400;\">Website der CNIL besuchen<\/span><\/a><span style=\"font-weight: 400;\">.<\/span><\/p><h3>\u00a0<\/h3><h3><b>Richtlinie zum Schutz personenbezogener Daten<\/b><\/h3><p><span style=\"font-weight: 400;\">In \u00dcbereinstimmung mit Artikel 5, 15, 16 und 17 der Allgemeinen Datenschutzverordnung der Verordnung (EU) 2016\/679 des Europ\u00e4ischen Parlaments und des Rates vom 27. April 2016, (\u201eAllgemeine Datenschutzverordnung\u201c, oder \u201eDSGVO\u201c) und dem Gesetz Nr. 78-17 vom 6. Januar 1978 in der ge\u00e4nderten Fassung \u00fcber Informatik, Dateien und Freiheiten und seinen Anwendungstexten haben Sie ein Recht auf Zugang, \u00c4nderung, Berichtigung und L\u00f6schung der Sie betreffenden personenbezogenen Daten. Sie k\u00f6nnen dieses Recht durch eine einfache Anfrage per E-Mail (<\/span><a href=\"mailto:dpo@blackfox-nature.com\"><span style=\"font-weight: 400;\">dpo@blackfox-nature.com<\/span><\/a><span style=\"font-weight: 400;\">) oder per Post an Blackfox - Datenschutzbeauftragter (DSGVO), 19 avenue des Pays Bas, ZA du Val de Moine Saint-Germain-sur-Moine, 49230 SEVREMOINE (Frankreich), aus\u00fcben.<\/span><\/p><h3>\u00a0<\/h3><h3><b>Inhalt der Website und geistiges Eigentum<\/b><\/h3><p><span style=\"font-weight: 400;\">The information provided on www.blackfox-nature.com is for information purposes only.<\/span><\/p><p><span style=\"font-weight: 400;\">Blackfox \u00fcbernimmt keine Garantie f\u00fcr die Richtigkeit, Vollst\u00e4ndigkeit und Aktualit\u00e4t der auf der Website verbreiteten Informationen. Die Informationen auf dieser Website k\u00f6nnen technische Ungenauigkeiten oder typografische Fehler enthalten. Diese Informationen k\u00f6nnen von Zeit zu Zeit ge\u00e4ndert werden, und die \u00c4nderungen werden in neue Ausgaben eingearbeitet.<\/span><span style=\"font-weight: 400;\"><br \/><\/span><span style=\"font-weight: 400;\">Blackfox kann jederzeit und ohne Vorank\u00fcndigung Verbesserungen oder \u00c4nderungen an den auf dieser Website beschriebenen Inhalten, Programmen oder Dienstleistungen vornehmen.<\/span><\/p><p><span style=\"font-weight: 400;\">Jede vollst\u00e4ndige oder teilweise Vervielf\u00e4ltigung, Darstellung, \u00c4nderung, Ver\u00f6ffentlichung, \u00dcbertragung, Verf\u00e4lschung der Website oder ihres Inhalts durch jedwedes Verfahren und auf jedwedem Tr\u00e4ger ist untersagt.<\/span><span style=\"font-weight: 400;\"><br \/><\/span><span style=\"font-weight: 400;\">Jede nicht genehmigte Nutzung der Website oder ihres Inhalts sowie der dort offengelegten Informationen w\u00fcrde den Nutzer haftbar machen und eine F\u00e4lschung darstellen, die nach Artikel L 335-2 ff. des Gesetzes \u00fcber geistiges Eigentum geahndet wird.<\/span><span style=\"font-weight: 400;\"><br \/><\/span><span style=\"font-weight: 400;\">Dasselbe gilt f\u00fcr die Datenbanken, die gegebenenfalls auf der Website www.blackfox-nature.com enthalten sind und die durch die Bestimmungen des Gesetzes vom 1. Juli 1998 zur Umsetzung der Europ\u00e4ischen Richtlinie vom 11. M\u00e4rz 1996 \u00fcber den rechtlichen Schutz von Datenbanken in das Gesetzbuch \u00fcber geistiges Eigentum gesch\u00fctzt sind. In diesem Sinne haftet der Nutzer f\u00fcr jede Vervielf\u00e4ltigung oder Entnahme.<\/span><\/p><p><span style=\"font-weight: 400;\">Die Website www.blackfox-nature.com bietet \u00fcber Hyperlinks Zugang zu anderen Websites oder sozialen Netzwerken. Da Blackfox nicht der Verwalter dieser Websites ist, kann er deren Inhalt nicht kontrollieren. Daher kann Blackfox in keinem Fall f\u00fcr den Inhalt der so zug\u00e4nglichen Websites oder f\u00fcr die eventuelle Erhebung und \u00dcbermittlung personenbezogener Daten, die Installation von Cookies oder jedes andere Verfahren mit demselben Ziel, das von diesen Websites durchgef\u00fchrt wird, haftbar gemacht werden.<\/span><\/p><p><span style=\"font-weight: 400;\">Diese Website ist f\u00fcr einen Bildschirm mit einer Aufl\u00f6sung von 1920 x 1080 und f\u00fcr alle modernen Browser optimiert.<\/span><\/p><h3>\u00a0<\/h3><h3><b>Design und Gestaltung der Website<\/b><\/h3><p><span style=\"font-weight: 400;\">Blackfox<br \/><\/span><a href=\"https:\/\/reference-club.fr\/\"><span style=\"font-weight: 400;\">Reference Club<\/span><\/a><\/p>\t\t\t\t\t\t\t\t<\/div>\n\t\t\t\t<\/div>\n\t\t\t\t\t<\/div>\n\t\t\t\t<\/div>\n\t\t\t\t<\/div>\n\t\t\t\t<\/div>","protected":false},"excerpt":{"rendered":"<p>Mentions l\u00e9gales \u00c9diteur du site Soci\u00e9t\u00e9 Blackfox, soci\u00e9t\u00e9 par actions simplifi\u00e9e au capital social de 5 000 000 euros, dont le si\u00e8ge social est situ\u00e9\u00a019 avenue des Pays Bas, ZA du Val de Moine Saint-Germain-sur-Moine, 49230 SEVREMOINE (France), immatricul\u00e9e au Registre du commerce et des soci\u00e9t\u00e9s d\u2019ANGERS sous le num\u00e9ro 351 962 964. N\u00b0 de [&hellip;]<\/p>\n","protected":false},"author":1,"featured_media":0,"parent":0,"menu_order":0,"comment_status":"closed","ping_status":"closed","template":"","meta":{"_acf_changed":false,"footnotes":""},"class_list":["post-2346","page","type-page","status-publish","hentry"],"acf":[],"_links":{"self":[{"href":"https:\/\/blackfox-nature.com\/de\/wp-json\/wp\/v2\/pages\/2346","targetHints":{"allow":["GET"]}}],"collection":[{"href":"https:\/\/blackfox-nature.com\/de\/wp-json\/wp\/v2\/pages"}],"about":[{"href":"https:\/\/blackfox-nature.com\/de\/wp-json\/wp\/v2\/types\/page"}],"author":[{"embeddable":true,"href":"https:\/\/blackfox-nature.com\/de\/wp-json\/wp\/v2\/users\/1"}],"replies":[{"embeddable":true,"href":"https:\/\/blackfox-nature.com\/de\/wp-json\/wp\/v2\/comments?post=2346"}],"version-history":[{"count":6,"href":"https:\/\/blackfox-nature.com\/de\/wp-json\/wp\/v2\/pages\/2346\/revisions"}],"predecessor-version":[{"id":2917,"href":"https:\/\/blackfox-nature.com\/de\/wp-json\/wp\/v2\/pages\/2346\/revisions\/2917"}],"wp:attachment":[{"href":"https:\/\/blackfox-nature.com\/de\/wp-json\/wp\/v2\/media?parent=2346"}],"curies":[{"name":"wp","href":"https:\/\/api.w.org\/{rel}","templated":true}]}}