
{"id":999,"date":"2024-10-08T17:37:49","date_gmt":"2024-10-08T15:37:49","guid":{"rendered":"http:\/\/vxesyvy.cluster023.hosting.ovh.net\/?page_id=999"},"modified":"2025-02-06T10:12:52","modified_gmt":"2025-02-06T09:12:52","slug":"bien-etre","status":"publish","type":"page","link":"https:\/\/blackfox-nature.com\/de\/engagements\/bien-etre\/","title":{"rendered":"La tanni\u00e8re du bien-\u00eatre"},"content":{"rendered":"<div data-elementor-type=\"wp-page\" data-elementor-id=\"999\" class=\"elementor elementor-999\" data-elementor-post-type=\"page\">\n\t\t\t\t<div class=\"elementor-element elementor-element-9533bb3 e-con-full e-flex e-con e-parent\" data-id=\"9533bb3\" data-element_type=\"container\" data-e-type=\"container\">\n\t\t<div class=\"elementor-element elementor-element-f0bbe5f e-flex e-con-boxed e-con e-child\" data-id=\"f0bbe5f\" data-element_type=\"container\" data-e-type=\"container\">\n\t\t\t\t\t<div class=\"e-con-inner\">\n\t\t\t\t<div class=\"elementor-element elementor-element-5f0bec7 elementor-widget elementor-widget-button\" data-id=\"5f0bec7\" data-element_type=\"widget\" data-e-type=\"widget\" data-widget_type=\"button.default\">\n\t\t\t\t<div class=\"elementor-widget-container\">\n\t\t\t\t\t\t\t\t\t<div class=\"elementor-button-wrapper\">\n\t\t\t\t\t<a class=\"elementor-button elementor-button-link elementor-size-sm\" href=\"\/de\/engagements\/\">\n\t\t\t\t\t\t<span class=\"elementor-button-content-wrapper\">\n\t\t\t\t\t\t<span class=\"elementor-button-icon\">\n\t\t\t\t<svg aria-hidden=\"true\" class=\"e-font-icon-svg e-fas-angle-left\" viewbox=\"0 0 256 512\" xmlns=\"http:\/\/www.w3.org\/2000\/svg\"><path d=\"M31.7 239l136-136c9.4-9.4 24.6-9.4 33.9 0l22.6 22.6c9.4 9.4 9.4 24.6 0 33.9L127.9 256l96.4 96.4c9.4 9.4 9.4 24.6 0 33.9L201.7 409c-9.4 9.4-24.6 9.4-33.9 0l-136-136c-9.5-9.4-9.5-24.6-.1-34z\"><\/path><\/svg>\t\t\t<\/span>\n\t\t\t\t\t\t\t\t\t<span class=\"elementor-button-text\">Unsere Verpflichtungen<\/span>\n\t\t\t\t\t<\/span>\n\t\t\t\t\t<\/a>\n\t\t\t\t<\/div>\n\t\t\t\t\t\t\t\t<\/div>\n\t\t\t\t<\/div>\n\t\t\t\t<div class=\"elementor-element elementor-element-dfe384e elementor-widget__width-initial elementor-invisible elementor-widget elementor-widget-heading\" data-id=\"dfe384e\" data-element_type=\"widget\" data-e-type=\"widget\" data-settings=\"{&quot;_animation&quot;:&quot;fadeInUp&quot;}\" data-widget_type=\"heading.default\">\n\t\t\t\t<div class=\"elementor-widget-container\">\n\t\t\t\t\t<h2 class=\"elementor-heading-title elementor-size-default\">Eine H\u00f6hle des Wohlbefindens<\/h2>\t\t\t\t<\/div>\n\t\t\t\t<\/div>\n\t\t\t\t<div class=\"elementor-element elementor-element-19eb773 elementor-widget__width-inherit elementor-invisible elementor-widget elementor-widget-heading\" data-id=\"19eb773\" data-element_type=\"widget\" data-e-type=\"widget\" data-settings=\"{&quot;_animation&quot;:&quot;fadeInUp&quot;}\" data-widget_type=\"heading.default\">\n\t\t\t\t<div class=\"elementor-widget-container\">\n\t\t\t\t\t<h2 class=\"elementor-heading-title elementor-size-default\">Zusammenhalt und Geselligkeit: unser Geheimrezept<\/h2>\t\t\t\t<\/div>\n\t\t\t\t<\/div>\n\t\t\t\t<div class=\"elementor-element elementor-element-6adccf5 elementor-widget__width-initial elementor-widget elementor-widget-text-editor\" data-id=\"6adccf5\" data-element_type=\"widget\" data-e-type=\"widget\" data-widget_type=\"text-editor.default\">\n\t\t\t\t<div class=\"elementor-widget-container\">\n\t\t\t\t\t\t\t\t\t<p><span style=\"font-weight: 400;\">Um den Zusammenhalt zu st\u00e4rken und jedem die M\u00f6glichkeit zu geben, sich wiederzufinden, veranstalten wir zweimal im Jahr Seminare. Diese Momente, die einen wahren Hauch von frischer Luft darstellen, sind f\u00fcr unseren Zusammenhalt unerl\u00e4sslich.<\/span><\/p><p><span style=\"font-weight: 400;\">Aber das ist noch nicht alles! In unseren Pausenzeiten werden Workshops angeboten, die von Mitarbeitern f\u00fcr Mitarbeiter geleitet werden. Yoga, Meditation, Gesellschaftsspiele, Gesang oder Tanz... es ist f\u00fcr jeden Geschmack etwas dabei! <strong>Jeder kann seine Leidenschaft und sein K\u00f6nnen in einer entspannten und spielerischen Atmosph\u00e4re teilen.<\/strong><\/span><\/p><p><span style=\"font-weight: 400;\">Und um den Alltag noch mehr aufzupeppen, organisieren wir das ganze Jahr \u00fcber Veranstaltungen zu verschiedenen Themen: Wohlbefinden am Arbeitsplatz, Gesundheit, Umwelt. <strong>Es gibt immer einen guten Grund, sich zu treffen und auszutauschen!<\/strong><\/span><\/p>\t\t\t\t\t\t\t\t<\/div>\n\t\t\t\t<\/div>\n\t\t<div class=\"elementor-element elementor-element-5fed65b e-con-full e-flex e-con e-child\" data-id=\"5fed65b\" data-element_type=\"container\" data-e-type=\"container\">\n\t\t<div class=\"elementor-element elementor-element-2b2dfcd e-con-full e-flex e-con e-child\" data-id=\"2b2dfcd\" data-element_type=\"container\" data-e-type=\"container\">\n\t\t\t\t<div class=\"elementor-element elementor-element-be749d9 elementor-widget__width-initial radius-4 elementor-invisible elementor-widget elementor-widget-image\" data-id=\"be749d9\" data-element_type=\"widget\" data-e-type=\"widget\" data-settings=\"{&quot;_animation&quot;:&quot;fadeIn&quot;,&quot;_animation_delay&quot;:0}\" data-widget_type=\"image.default\">\n\t\t\t\t<div class=\"elementor-widget-container\">\n\t\t\t\t\t\t\t\t\t\t\t\t\t\t\t<img fetchpriority=\"high\" decoding=\"async\" width=\"768\" height=\"547\" src=\"https:\/\/blackfox-nature.com\/wp-content\/uploads\/2024\/10\/bien-etre-4-1-768x547.jpg\" class=\"attachment-medium_large size-medium_large wp-image-1276\" alt=\"\" srcset=\"https:\/\/blackfox-nature.com\/wp-content\/uploads\/2024\/10\/bien-etre-4-1-768x547.jpg 768w, https:\/\/blackfox-nature.com\/wp-content\/uploads\/2024\/10\/bien-etre-4-1-300x214.jpg 300w, https:\/\/blackfox-nature.com\/wp-content\/uploads\/2024\/10\/bien-etre-4-1-1024x729.jpg 1024w, https:\/\/blackfox-nature.com\/wp-content\/uploads\/2024\/10\/bien-etre-4-1-18x12.jpg 18w, https:\/\/blackfox-nature.com\/wp-content\/uploads\/2024\/10\/bien-etre-4-1.jpg 1200w\" sizes=\"(max-width: 768px) 100vw, 768px\" \/>\t\t\t\t\t\t\t\t\t\t\t\t\t\t\t<\/div>\n\t\t\t\t<\/div>\n\t\t\t\t<div class=\"elementor-element elementor-element-b722e44 radius-2 elementor-invisible elementor-widget elementor-widget-image\" data-id=\"b722e44\" data-element_type=\"widget\" data-e-type=\"widget\" data-settings=\"{&quot;_animation&quot;:&quot;fadeIn&quot;,&quot;_animation_delay&quot;:0}\" data-widget_type=\"image.default\">\n\t\t\t\t<div class=\"elementor-widget-container\">\n\t\t\t\t\t\t\t\t\t\t\t\t\t\t\t<img decoding=\"async\" width=\"768\" height=\"511\" src=\"https:\/\/blackfox-nature.com\/wp-content\/uploads\/2024\/10\/bien-etre-3-1-768x511.jpg\" class=\"attachment-medium_large size-medium_large wp-image-1279\" alt=\"\" srcset=\"https:\/\/blackfox-nature.com\/wp-content\/uploads\/2024\/10\/bien-etre-3-1-768x511.jpg 768w, https:\/\/blackfox-nature.com\/wp-content\/uploads\/2024\/10\/bien-etre-3-1-300x200.jpg 300w, https:\/\/blackfox-nature.com\/wp-content\/uploads\/2024\/10\/bien-etre-3-1-1024x682.jpg 1024w, https:\/\/blackfox-nature.com\/wp-content\/uploads\/2024\/10\/bien-etre-3-1-1536x1022.jpg 1536w, https:\/\/blackfox-nature.com\/wp-content\/uploads\/2024\/10\/bien-etre-3-1-18x12.jpg 18w, https:\/\/blackfox-nature.com\/wp-content\/uploads\/2024\/10\/bien-etre-3-1.jpg 1600w\" sizes=\"(max-width: 768px) 100vw, 768px\" \/>\t\t\t\t\t\t\t\t\t\t\t\t\t\t\t<\/div>\n\t\t\t\t<\/div>\n\t\t\t\t<div class=\"elementor-element elementor-element-8421451 elementor-widget__width-initial radius-1 elementor-invisible elementor-widget elementor-widget-image\" data-id=\"8421451\" data-element_type=\"widget\" data-e-type=\"widget\" data-settings=\"{&quot;_animation&quot;:&quot;fadeIn&quot;,&quot;_animation_delay&quot;:300}\" data-widget_type=\"image.default\">\n\t\t\t\t<div class=\"elementor-widget-container\">\n\t\t\t\t\t\t\t\t\t\t\t\t\t\t\t<img decoding=\"async\" width=\"768\" height=\"512\" src=\"https:\/\/blackfox-nature.com\/wp-content\/uploads\/2024\/10\/AJS_2881-768x512.jpg\" class=\"attachment-medium_large size-medium_large wp-image-1606\" alt=\"\" srcset=\"https:\/\/blackfox-nature.com\/wp-content\/uploads\/2024\/10\/AJS_2881-768x512.jpg 768w, https:\/\/blackfox-nature.com\/wp-content\/uploads\/2024\/10\/AJS_2881-300x200.jpg 300w, https:\/\/blackfox-nature.com\/wp-content\/uploads\/2024\/10\/AJS_2881-1024x683.jpg 1024w, https:\/\/blackfox-nature.com\/wp-content\/uploads\/2024\/10\/AJS_2881-1536x1024.jpg 1536w, https:\/\/blackfox-nature.com\/wp-content\/uploads\/2024\/10\/AJS_2881-18x12.jpg 18w, https:\/\/blackfox-nature.com\/wp-content\/uploads\/2024\/10\/AJS_2881.jpg 1600w\" sizes=\"(max-width: 768px) 100vw, 768px\" \/>\t\t\t\t\t\t\t\t\t\t\t\t\t\t\t<\/div>\n\t\t\t\t<\/div>\n\t\t\t\t<\/div>\n\t\t<div class=\"elementor-element elementor-element-2667582 e-con-full e-flex e-con e-child\" data-id=\"2667582\" data-element_type=\"container\" data-e-type=\"container\">\n\t\t\t\t<div class=\"elementor-element elementor-element-326a792 elementor-widget__width-initial radius-3 elementor-invisible elementor-widget elementor-widget-image\" data-id=\"326a792\" data-element_type=\"widget\" data-e-type=\"widget\" data-settings=\"{&quot;_animation&quot;:&quot;fadeIn&quot;,&quot;_animation_delay&quot;:300}\" data-widget_type=\"image.default\">\n\t\t\t\t<div class=\"elementor-widget-container\">\n\t\t\t\t\t\t\t\t\t\t\t\t\t\t\t<img loading=\"lazy\" decoding=\"async\" width=\"768\" height=\"1151\" src=\"https:\/\/blackfox-nature.com\/wp-content\/uploads\/2024\/10\/bien-etre-1-1-768x1151.jpg\" class=\"attachment-medium_large size-medium_large wp-image-1277\" alt=\"\" srcset=\"https:\/\/blackfox-nature.com\/wp-content\/uploads\/2024\/10\/bien-etre-1-1-768x1151.jpg 768w, https:\/\/blackfox-nature.com\/wp-content\/uploads\/2024\/10\/bien-etre-1-1-200x300.jpg 200w, https:\/\/blackfox-nature.com\/wp-content\/uploads\/2024\/10\/bien-etre-1-1-683x1024.jpg 683w, https:\/\/blackfox-nature.com\/wp-content\/uploads\/2024\/10\/bien-etre-1-1-1025x1536.jpg 1025w, https:\/\/blackfox-nature.com\/wp-content\/uploads\/2024\/10\/bien-etre-1-1-8x12.jpg 8w, https:\/\/blackfox-nature.com\/wp-content\/uploads\/2024\/10\/bien-etre-1-1.jpg 1200w\" sizes=\"(max-width: 768px) 100vw, 768px\" \/>\t\t\t\t\t\t\t\t\t\t\t\t\t\t\t<\/div>\n\t\t\t\t<\/div>\n\t\t\t\t<div class=\"elementor-element elementor-element-e2f371e radius-2 elementor-invisible elementor-widget elementor-widget-image\" data-id=\"e2f371e\" data-element_type=\"widget\" data-e-type=\"widget\" data-settings=\"{&quot;_animation&quot;:&quot;fadeIn&quot;,&quot;_animation_delay&quot;:0}\" data-widget_type=\"image.default\">\n\t\t\t\t<div class=\"elementor-widget-container\">\n\t\t\t\t\t\t\t\t\t\t\t\t\t\t\t<img loading=\"lazy\" decoding=\"async\" width=\"768\" height=\"575\" src=\"https:\/\/blackfox-nature.com\/wp-content\/uploads\/2024\/10\/bien-etre-6-768x575.jpg\" class=\"attachment-medium_large size-medium_large wp-image-1595\" alt=\"\" srcset=\"https:\/\/blackfox-nature.com\/wp-content\/uploads\/2024\/10\/bien-etre-6-768x575.jpg 768w, https:\/\/blackfox-nature.com\/wp-content\/uploads\/2024\/10\/bien-etre-6-300x224.jpg 300w, https:\/\/blackfox-nature.com\/wp-content\/uploads\/2024\/10\/bien-etre-6-1024x766.jpg 1024w, https:\/\/blackfox-nature.com\/wp-content\/uploads\/2024\/10\/bien-etre-6-1536x1149.jpg 1536w, https:\/\/blackfox-nature.com\/wp-content\/uploads\/2024\/10\/bien-etre-6-16x12.jpg 16w, https:\/\/blackfox-nature.com\/wp-content\/uploads\/2024\/10\/bien-etre-6.jpg 1600w\" sizes=\"(max-width: 768px) 100vw, 768px\" \/>\t\t\t\t\t\t\t\t\t\t\t\t\t\t\t<\/div>\n\t\t\t\t<\/div>\n\t\t\t\t<\/div>\n\t\t\t\t<\/div>\n\t\t\t\t\t<\/div>\n\t\t\t\t<\/div>\n\t\t<div class=\"elementor-element elementor-element-d473923 e-flex e-con-boxed e-con e-child\" data-id=\"d473923\" data-element_type=\"container\" data-e-type=\"container\">\n\t\t\t\t\t<div class=\"e-con-inner\">\n\t\t\t\t<div class=\"elementor-element elementor-element-ad7bd31 elementor-widget__width-inherit elementor-invisible elementor-widget elementor-widget-heading\" data-id=\"ad7bd31\" data-element_type=\"widget\" data-e-type=\"widget\" data-settings=\"{&quot;_animation&quot;:&quot;fadeInUp&quot;}\" data-widget_type=\"heading.default\">\n\t\t\t\t<div class=\"elementor-widget-container\">\n\t\t\t\t\t<h2 class=\"elementor-heading-title elementor-size-default\">Optimale Arbeitsbedingungen<\/h2>\t\t\t\t<\/div>\n\t\t\t\t<\/div>\n\t\t\t\t<div class=\"elementor-element elementor-element-20acccb elementor-widget__width-initial elementor-widget elementor-widget-text-editor\" data-id=\"20acccb\" data-element_type=\"widget\" data-e-type=\"widget\" data-widget_type=\"text-editor.default\">\n\t\t\t\t<div class=\"elementor-widget-container\">\n\t\t\t\t\t\t\t\t\t<p><strong>Willkommen in unserer neuen H\u00f6hle, einem brandneuen und hellen Geb\u00e4ude!<\/strong> Mit seinem gem\u00fctlichen Ruheraum und den ger\u00e4umigen B\u00fcros ist es so konzipiert, dass es ein H\u00f6chstma\u00df an Komfort bietet.<\/p><p><strong>Unsere B\u00fcros sind mit ergonomischem Material ausgestattet: <\/strong>Handgelenkauflagen, Fu\u00dfst\u00fctzen, Steh-Sitz-Tische und in der Logistik sogar mit Exoskeletten, um die Muskelbelastung zu verringern.<\/p><p>Bei Blackfox tun wir alles daf\u00fcr, dass sich jeder in seinen Stiefeln wohlf\u00fchlt und unter den besten Bedingungen arbeiten kann!<\/p>\t\t\t\t\t\t\t\t<\/div>\n\t\t\t\t<\/div>\n\t\t<div class=\"elementor-element elementor-element-0a66d8e e-con-full e-flex e-con e-child\" data-id=\"0a66d8e\" data-element_type=\"container\" data-e-type=\"container\">\n\t\t<div class=\"elementor-element elementor-element-d5f33af e-con-full e-flex e-con e-child\" data-id=\"d5f33af\" data-element_type=\"container\" data-e-type=\"container\">\n\t\t\t\t<div class=\"elementor-element elementor-element-5105151 elementor-widget__width-initial radius-3 elementor-invisible elementor-widget elementor-widget-image\" data-id=\"5105151\" data-element_type=\"widget\" data-e-type=\"widget\" data-settings=\"{&quot;_animation&quot;:&quot;fadeIn&quot;,&quot;_animation_delay&quot;:200}\" data-widget_type=\"image.default\">\n\t\t\t\t<div class=\"elementor-widget-container\">\n\t\t\t\t\t\t\t\t\t\t\t\t\t\t\t<img loading=\"lazy\" decoding=\"async\" width=\"768\" height=\"564\" src=\"https:\/\/blackfox-nature.com\/wp-content\/uploads\/2024\/10\/condition-travail-1-1-768x564.jpg\" class=\"attachment-medium_large size-medium_large wp-image-1285\" alt=\"\" srcset=\"https:\/\/blackfox-nature.com\/wp-content\/uploads\/2024\/10\/condition-travail-1-1-768x564.jpg 768w, https:\/\/blackfox-nature.com\/wp-content\/uploads\/2024\/10\/condition-travail-1-1-300x220.jpg 300w, https:\/\/blackfox-nature.com\/wp-content\/uploads\/2024\/10\/condition-travail-1-1-1024x751.jpg 1024w, https:\/\/blackfox-nature.com\/wp-content\/uploads\/2024\/10\/condition-travail-1-1-1536x1127.jpg 1536w, https:\/\/blackfox-nature.com\/wp-content\/uploads\/2024\/10\/condition-travail-1-1-16x12.jpg 16w, https:\/\/blackfox-nature.com\/wp-content\/uploads\/2024\/10\/condition-travail-1-1.jpg 1600w\" sizes=\"(max-width: 768px) 100vw, 768px\" \/>\t\t\t\t\t\t\t\t\t\t\t\t\t\t\t<\/div>\n\t\t\t\t<\/div>\n\t\t\t\t<div class=\"elementor-element elementor-element-c94c809 radius-4 elementor-invisible elementor-widget elementor-widget-image\" data-id=\"c94c809\" data-element_type=\"widget\" data-e-type=\"widget\" data-settings=\"{&quot;_animation&quot;:&quot;fadeIn&quot;,&quot;_animation_delay&quot;:400}\" data-widget_type=\"image.default\">\n\t\t\t\t<div class=\"elementor-widget-container\">\n\t\t\t\t\t\t\t\t\t\t\t\t\t\t\t<img loading=\"lazy\" decoding=\"async\" width=\"768\" height=\"511\" src=\"https:\/\/blackfox-nature.com\/wp-content\/uploads\/2024\/10\/B-CORP-25-190-1-768x511.jpg\" class=\"attachment-medium_large size-medium_large wp-image-1690\" alt=\"\" srcset=\"https:\/\/blackfox-nature.com\/wp-content\/uploads\/2024\/10\/B-CORP-25-190-1-768x511.jpg 768w, https:\/\/blackfox-nature.com\/wp-content\/uploads\/2024\/10\/B-CORP-25-190-1-300x200.jpg 300w, https:\/\/blackfox-nature.com\/wp-content\/uploads\/2024\/10\/B-CORP-25-190-1-1024x681.jpg 1024w, https:\/\/blackfox-nature.com\/wp-content\/uploads\/2024\/10\/B-CORP-25-190-1-1536x1021.jpg 1536w, https:\/\/blackfox-nature.com\/wp-content\/uploads\/2024\/10\/B-CORP-25-190-1-18x12.jpg 18w, https:\/\/blackfox-nature.com\/wp-content\/uploads\/2024\/10\/B-CORP-25-190-1.jpg 1600w\" sizes=\"(max-width: 768px) 100vw, 768px\" \/>\t\t\t\t\t\t\t\t\t\t\t\t\t\t\t<\/div>\n\t\t\t\t<\/div>\n\t\t\t\t<div class=\"elementor-element elementor-element-ddc9394 radius-1 elementor-widget__width-initial elementor-invisible elementor-widget elementor-widget-image\" data-id=\"ddc9394\" data-element_type=\"widget\" data-e-type=\"widget\" data-settings=\"{&quot;_animation&quot;:&quot;fadeIn&quot;,&quot;_animation_delay&quot;:400}\" data-widget_type=\"image.default\">\n\t\t\t\t<div class=\"elementor-widget-container\">\n\t\t\t\t\t\t\t\t\t\t\t\t\t\t\t<img loading=\"lazy\" decoding=\"async\" width=\"768\" height=\"511\" src=\"https:\/\/blackfox-nature.com\/wp-content\/uploads\/2024\/10\/condition-travail-2-1-768x511.jpg\" class=\"attachment-medium_large size-medium_large wp-image-1284\" alt=\"\" srcset=\"https:\/\/blackfox-nature.com\/wp-content\/uploads\/2024\/10\/condition-travail-2-1-768x511.jpg 768w, https:\/\/blackfox-nature.com\/wp-content\/uploads\/2024\/10\/condition-travail-2-1-300x200.jpg 300w, https:\/\/blackfox-nature.com\/wp-content\/uploads\/2024\/10\/condition-travail-2-1-1024x682.jpg 1024w, https:\/\/blackfox-nature.com\/wp-content\/uploads\/2024\/10\/condition-travail-2-1-1536x1022.jpg 1536w, https:\/\/blackfox-nature.com\/wp-content\/uploads\/2024\/10\/condition-travail-2-1-18x12.jpg 18w, https:\/\/blackfox-nature.com\/wp-content\/uploads\/2024\/10\/condition-travail-2-1.jpg 1600w\" sizes=\"(max-width: 768px) 100vw, 768px\" \/>\t\t\t\t\t\t\t\t\t\t\t\t\t\t\t<\/div>\n\t\t\t\t<\/div>\n\t\t\t\t<\/div>\n\t\t<div class=\"elementor-element elementor-element-b242985 e-con-full e-flex e-con e-child\" data-id=\"b242985\" data-element_type=\"container\" data-e-type=\"container\">\n\t\t\t\t<div class=\"elementor-element elementor-element-bb35038 elementor-widget__width-initial radius-2 elementor-invisible elementor-widget elementor-widget-image\" data-id=\"bb35038\" data-element_type=\"widget\" data-e-type=\"widget\" data-settings=\"{&quot;_animation&quot;:&quot;fadeIn&quot;}\" data-widget_type=\"image.default\">\n\t\t\t\t<div class=\"elementor-widget-container\">\n\t\t\t\t\t\t\t\t\t\t\t\t\t\t\t<img loading=\"lazy\" decoding=\"async\" width=\"768\" height=\"1152\" src=\"https:\/\/blackfox-nature.com\/wp-content\/uploads\/2024\/10\/AJS_2943-768x1152.jpg\" class=\"attachment-medium_large size-medium_large wp-image-1591\" alt=\"\" srcset=\"https:\/\/blackfox-nature.com\/wp-content\/uploads\/2024\/10\/AJS_2943-768x1152.jpg 768w, https:\/\/blackfox-nature.com\/wp-content\/uploads\/2024\/10\/AJS_2943-200x300.jpg 200w, https:\/\/blackfox-nature.com\/wp-content\/uploads\/2024\/10\/AJS_2943-683x1024.jpg 683w, https:\/\/blackfox-nature.com\/wp-content\/uploads\/2024\/10\/AJS_2943-1024x1536.jpg 1024w, https:\/\/blackfox-nature.com\/wp-content\/uploads\/2024\/10\/AJS_2943-8x12.jpg 8w, https:\/\/blackfox-nature.com\/wp-content\/uploads\/2024\/10\/AJS_2943.jpg 1067w\" sizes=\"(max-width: 768px) 100vw, 768px\" \/>\t\t\t\t\t\t\t\t\t\t\t\t\t\t\t<\/div>\n\t\t\t\t<\/div>\n\t\t\t\t<div class=\"elementor-element elementor-element-2db1484 radius-3 elementor-widget__width-initial elementor-invisible elementor-widget elementor-widget-image\" data-id=\"2db1484\" data-element_type=\"widget\" data-e-type=\"widget\" data-settings=\"{&quot;_animation&quot;:&quot;fadeIn&quot;,&quot;_animation_delay&quot;:0}\" data-widget_type=\"image.default\">\n\t\t\t\t<div class=\"elementor-widget-container\">\n\t\t\t\t\t\t\t\t\t\t\t\t\t\t\t<img loading=\"lazy\" decoding=\"async\" width=\"768\" height=\"511\" src=\"https:\/\/blackfox-nature.com\/wp-content\/uploads\/2024\/11\/AJS_3079-768x511.jpg\" class=\"attachment-medium_large size-medium_large wp-image-2338\" alt=\"\" srcset=\"https:\/\/blackfox-nature.com\/wp-content\/uploads\/2024\/11\/AJS_3079-768x511.jpg 768w, https:\/\/blackfox-nature.com\/wp-content\/uploads\/2024\/11\/AJS_3079-300x200.jpg 300w, https:\/\/blackfox-nature.com\/wp-content\/uploads\/2024\/11\/AJS_3079-1024x681.jpg 1024w, https:\/\/blackfox-nature.com\/wp-content\/uploads\/2024\/11\/AJS_3079.jpg 1500w\" sizes=\"(max-width: 768px) 100vw, 768px\" \/>\t\t\t\t\t\t\t\t\t\t\t\t\t\t\t<\/div>\n\t\t\t\t<\/div>\n\t\t\t\t<\/div>\n\t\t\t\t<\/div>\n\t\t\t\t\t<\/div>\n\t\t\t\t<\/div>\n\t\t\t\t<\/div>\n\t\t\t\t<\/div>","protected":false},"excerpt":{"rendered":"<p>Nos engagements La Tani\u00e8re du Bien-\u00catre Coh\u00e9sion et convivialit\u00e9 : notre recette secr\u00e8te Pour renforcer la coh\u00e9sion et permettre \u00e0 chacun de se retrouver, nous organisons deux fois par an des s\u00e9minaires. Ces moments, v\u00e9ritables bouff\u00e9es d&rsquo;air frais, sont essentiels \u00e0 notre coh\u00e9sion. Mais ce n\u2019est pas tout ! Sur nos temps de pause, des [&hellip;]<\/p>\n","protected":false},"author":1,"featured_media":0,"parent":34,"menu_order":0,"comment_status":"closed","ping_status":"closed","template":"","meta":{"_acf_changed":false,"footnotes":""},"class_list":["post-999","page","type-page","status-publish","hentry"],"acf":[],"_links":{"self":[{"href":"https:\/\/blackfox-nature.com\/de\/wp-json\/wp\/v2\/pages\/999","targetHints":{"allow":["GET"]}}],"collection":[{"href":"https:\/\/blackfox-nature.com\/de\/wp-json\/wp\/v2\/pages"}],"about":[{"href":"https:\/\/blackfox-nature.com\/de\/wp-json\/wp\/v2\/types\/page"}],"author":[{"embeddable":true,"href":"https:\/\/blackfox-nature.com\/de\/wp-json\/wp\/v2\/users\/1"}],"replies":[{"embeddable":true,"href":"https:\/\/blackfox-nature.com\/de\/wp-json\/wp\/v2\/comments?post=999"}],"version-history":[{"count":3,"href":"https:\/\/blackfox-nature.com\/de\/wp-json\/wp\/v2\/pages\/999\/revisions"}],"predecessor-version":[{"id":2697,"href":"https:\/\/blackfox-nature.com\/de\/wp-json\/wp\/v2\/pages\/999\/revisions\/2697"}],"up":[{"embeddable":true,"href":"https:\/\/blackfox-nature.com\/de\/wp-json\/wp\/v2\/pages\/34"}],"wp:attachment":[{"href":"https:\/\/blackfox-nature.com\/de\/wp-json\/wp\/v2\/media?parent=999"}],"curies":[{"name":"wp","href":"https:\/\/api.w.org\/{rel}","templated":true}]}}