
{"id":2346,"date":"2024-11-20T14:09:00","date_gmt":"2024-11-20T13:09:00","guid":{"rendered":"http:\/\/vxesyvy.cluster023.hosting.ovh.net\/?page_id=2346"},"modified":"2026-02-04T18:34:10","modified_gmt":"2026-02-04T17:34:10","slug":"mentions-legales","status":"publish","type":"page","link":"https:\/\/blackfox-nature.com\/en\/mentions-legales\/","title":{"rendered":"Legal notices"},"content":{"rendered":"<div data-elementor-type=\"wp-page\" data-elementor-id=\"2346\" class=\"elementor elementor-2346\" data-elementor-post-type=\"page\">\n\t\t\t\t<div class=\"elementor-element elementor-element-023df2b e-con-full e-flex e-con e-parent\" data-id=\"023df2b\" data-element_type=\"container\" data-e-type=\"container\">\n\t\t<div class=\"elementor-element elementor-element-3133bbf e-flex e-con-boxed e-con e-child\" data-id=\"3133bbf\" data-element_type=\"container\" data-e-type=\"container\">\n\t\t\t\t\t<div class=\"e-con-inner\">\n\t\t\t\t<div class=\"elementor-element elementor-element-c2273be elementor-widget__width-initial animated-slow elementor-invisible elementor-widget elementor-widget-heading\" data-id=\"c2273be\" data-element_type=\"widget\" data-e-type=\"widget\" data-settings=\"{&quot;_animation&quot;:&quot;fadeInUp&quot;}\" data-widget_type=\"heading.default\">\n\t\t\t\t<div class=\"elementor-widget-container\">\n\t\t\t\t\t<h2 class=\"elementor-heading-title elementor-size-default\">Legal notices<\/h2>\t\t\t\t<\/div>\n\t\t\t\t<\/div>\n\t\t\t\t<div class=\"elementor-element elementor-element-ec19263 text-with-green-link elementor-widget elementor-widget-text-editor\" data-id=\"ec19263\" data-element_type=\"widget\" data-e-type=\"widget\" data-widget_type=\"text-editor.default\">\n\t\t\t\t<div class=\"elementor-widget-container\">\n\t\t\t\t\t\t\t\t\t<h3><b>Website publisher<\/b><\/h3><p><span style=\"font-weight: 400;\">Blackfox, a simplified joint stock company with share capital of 5,000,000 euros, whose registered office is located at 19 avenue des Pays Bas, ZA du Val de Moine Saint-Germain-sur-Moine, 49230 SEVREMOINE (France), registered in the ANGERS Trade and Companies Register under number 351 962 964.<\/span><span style=\"font-weight: 400;\"><br \/><\/span><span style=\"font-weight: 400;\"><br \/><\/span><span style=\"font-weight: 400;\">Intracommunity VAT number: FR60 351 962 964<\/span><span style=\"font-weight: 400;\"><br \/><\/span><span style=\"font-weight: 400;\">Telephone number: + 33 (0)2 41 63 35 36<\/span><span style=\"font-weight: 400;\"><br \/><\/span><span style=\"font-weight: 400;\">E-mail address: <\/span><a href=\"mailto:contact@blackfox-nature.com\"><span style=\"font-weight: 400;\">contact@blackfox-nature.com<\/span><span style=\"font-weight: 400;\"><br \/><\/span><\/a><span style=\"font-weight: 400;\">Publication manager: J\u00e9r\u00f4me SUBILEAU<\/span><\/p><p><span style=\"font-weight: 400;\">INDEX d&rsquo;\u00e9galit\u00e9 professionnelle femmes hommes 2025 : 87\/100<\/span><span style=\"font-weight: 400;\"><br \/><\/span><span style=\"font-weight: 400;\"><br \/><\/span><span style=\"font-weight: 400;\">Any complaint concerning the use of the website may be sent to the above e-mail address: <a href=\"mailto:contact@ blackfox-nature.com\">contact@<\/a><\/span> <span style=\"font-weight: 400;\">blackfox-nature.com <\/span><span style=\"font-weight: 400;\"><br \/><\/span><span style=\"font-weight: 400;\"><br \/><\/span><span style=\"font-weight: 400;\">Site created by <\/span><a href=\"https:\/\/reference-club.fr\/\"><span style=\"font-weight: 400;\">Reference Club<\/span><\/a><\/p><h3><b>Site host<\/b><\/h3><p><span style=\"font-weight: 400;\">OVH, a simplified joint stock company with a single shareholder, whose registered office is at 2, rue Kellermann 59100 Roubaix, FRANCE and which is registered with the Lille M\u00e9tropole B 424 761 419 Trade and Companies Register, under number: 42476141900045<\/span><span style=\"font-weight: 400;\">\u00a0<\/span><\/p><h3><b>Photo Credit<\/b><\/h3><p><span style=\"font-weight: 400;\">Blackfox <\/span><span style=\"font-weight: 400;\"><br \/><\/span><span style=\"font-weight: 400;\">J\u00e9r\u00f4me TANNE<br \/><\/span><span style=\"font-weight: 400;\" data-rich-links=\"{&quot;per_n&quot;:&quot;Aline MARTINEAU&quot;,&quot;per_e&quot;:&quot;amartineau@ajs.fr&quot;,&quot;type&quot;:&quot;person&quot;}\">Aline MARTINEAU<\/span><\/p><h3><strong>Informations environnementales \u2013 Conformit\u00e9 avec la loi AGEC<\/strong><\/h3><p><span style=\"font-weight: 400;\">Conform\u00e9ment \u00e0 la loi n\u00b02020-105 du 10 f\u00e9vrier 2020 relative \u00e0 la lutte contre le gaspillage et \u00e0 l&rsquo;\u00e9conomie circulaire (loi AGEC), notre entreprise met \u00e0 disposition les informations environnementales des produits distribu\u00e9s. Ces donn\u00e9es sont accessibles au format r\u00e9utilisable et exploitable via un fichier t\u00e9l\u00e9chargeable sur notre site.<\/span><\/p><p>Vous pouvez consulter et t\u00e9l\u00e9charger ce fichier en cliquant <a href=\"https:\/\/blackfox-nature.com\/wp-content\/ressources\/agec\/fichier-article-13-loi-agec.xlsx\">ici<\/a>.<\/p><h3><b>Use of cookies<\/b><\/h3><p><span style=\"font-weight: 400;\">Cookies are small files that can be deposited and\/or read when a website is consulted, regardless of the type of terminal used. Blackfox and its partners use mandatory cookies to ensure that the site functions correctly:<\/span><\/p><ul><li><span style=\"font-weight: 400;\">contact form <\/span><\/li><li>choice of language<\/li><li>information for Google reCAPTCHA<\/li><\/ul><p><span style=\"font-weight: 400;\">We also use cookies to measure the audience and performance of the site Google Analytics: Google Analytics JavaScript libraries use HTTP cookies to \u2018remember\u2019 what a user has done on previous pages \/ interactions with the website. Users of the site can accept or refuse all cookies, or personalise their choices depending on the purpose.<\/span><\/p><p><span style=\"font-weight: 400;\">The user's choices are collected by means of a cookies banner when the site is opened. Users can change their choices at any time by clicking on a link at the bottom of each page of the site entitled \u2018Cookie preferences\u2019. Simply continuing to browse the site does not constitute consent. Choices are kept for 13 months.<\/span><\/p><p><span style=\"font-weight: 400;\">For more information on cookies, users can consult the <\/span><a href=\"https:\/\/www.cnil.fr\/fr\/cookies-et-autres-traceurs\"><span style=\"font-weight: 400;\">CNIL website<\/span><\/a><span style=\"font-weight: 400;\">.<\/span><\/p><h3>\u00a0<\/h3><h3><b>Personal data protection policy<\/b><\/h3><p><span style=\"font-weight: 400;\">In accordance with Articles 5, 15, 16 and 17 of the General Data Protection Regulation of the Regulation (EU) 2016\/679 of the European Parliament and of the Council of 27 April 2016, (\u2018General Data Protection Regulation\u2019, or \u2018GDPR\u2019) and the amended Act No. 78-17 of 6 January 1978, relating to data, files and freedoms and its implementing regulations you have a right to access, modify, rectify and delete personal data concerning you. You can exercise this right by sending a simple request by email (<\/span><a href=\"mailto:dpo@blackfox-nature.com\"><span style=\"font-weight: 400;\">dpo@blackfox-nature.com<\/span><\/a><span style=\"font-weight: 400;\">) or by post to Blackfox - D\u00e9l\u00e9gu\u00e9 \u00e0 la protection des donn\u00e9es (RGPD), 19 avenue des Pays Bas, ZA du Val de Moine Saint-Germain-sur-Moine, 49230 SEVREMOINE (France).<\/span><\/p><h3>\u00a0<\/h3><h3><b>Site content and intellectual property<\/b><\/h3><p><span style=\"font-weight: 400;\">The information provided on www.blackfox-nature.com is for information purposes only.<\/span><\/p><p><span style=\"font-weight: 400;\">Blackfox cannot guarantee the accuracy, completeness or topicality of the information published on the site. The information on this site may contain technical inaccuracies or typographical errors. Changes may be periodically made to the information herein and such changes will be incorporated in new editions.<\/span><span style=\"font-weight: 400;\"><br \/><\/span><span style=\"font-weight: 400;\">Blackfox may, at any time, without notice, make improvements or changes to the content, programs or services described on this site.<\/span><\/p><p><span style=\"font-weight: 400;\">Any reproduction, representation, modification, publication, transmission or distortion, in whole or in part, of the site or its content, by any process whatsoever, and on any medium whatsoever, is prohibited.<\/span><span style=\"font-weight: 400;\"><br \/><\/span><span style=\"font-weight: 400;\">Any unauthorised use of the site or its content, or of the information disclosed therein, will render the user liable and will constitute an infringement punishable by articles L 335-2 et seq. of the French Intellectual Property Code.<\/span><span style=\"font-weight: 400;\"><br \/><\/span><span style=\"font-weight: 400;\">The same applies to any databases appearing on the www.blackfox-nature.com website, which are protected by the provisions of the Act of 1 July 1998 transposing the European Directive of 11 March 1996 on the legal protection of databases into the Intellectual Property Code. As such, any reproduction or extraction will incur the user's liability.<\/span><\/p><p><span style=\"font-weight: 400;\">The www.blackfox-nature.com site provides access to other sites or social networks via hypertext links. As Blackfox is not the manager of these sites, it cannot control their content. Consequently, Blackfox cannot under any circumstances be held responsible for the content of sites that are accessible in this way, or for any collection and transmission of personal data, installation of cookies or any other process for the same purpose carried out by these sites.<\/span><\/p><p><span style=\"font-weight: 400;\">This site is optimised for a 1920 x 1080 screen resolution and for all modern browsers.<\/span><\/p><h3>\u00a0<\/h3><h3><b>Site design and production<\/b><\/h3><p><span style=\"font-weight: 400;\">Blackfox<br \/><\/span><a href=\"https:\/\/reference-club.fr\/\"><span style=\"font-weight: 400;\">Reference Club<\/span><\/a><\/p>\t\t\t\t\t\t\t\t<\/div>\n\t\t\t\t<\/div>\n\t\t\t\t\t<\/div>\n\t\t\t\t<\/div>\n\t\t\t\t<\/div>\n\t\t\t\t<\/div>","protected":false},"excerpt":{"rendered":"<p>Mentions l\u00e9gales \u00c9diteur du site Soci\u00e9t\u00e9 Blackfox, soci\u00e9t\u00e9 par actions simplifi\u00e9e au capital social de 5 000 000 euros, dont le si\u00e8ge social est situ\u00e9\u00a019 avenue des Pays Bas, ZA du Val de Moine Saint-Germain-sur-Moine, 49230 SEVREMOINE (France), immatricul\u00e9e au Registre du commerce et des soci\u00e9t\u00e9s d\u2019ANGERS sous le num\u00e9ro 351 962 964. N\u00b0 de [&hellip;]<\/p>\n","protected":false},"author":1,"featured_media":0,"parent":0,"menu_order":0,"comment_status":"closed","ping_status":"closed","template":"","meta":{"_acf_changed":false,"footnotes":""},"class_list":["post-2346","page","type-page","status-publish","hentry"],"acf":[],"_links":{"self":[{"href":"https:\/\/blackfox-nature.com\/en\/wp-json\/wp\/v2\/pages\/2346","targetHints":{"allow":["GET"]}}],"collection":[{"href":"https:\/\/blackfox-nature.com\/en\/wp-json\/wp\/v2\/pages"}],"about":[{"href":"https:\/\/blackfox-nature.com\/en\/wp-json\/wp\/v2\/types\/page"}],"author":[{"embeddable":true,"href":"https:\/\/blackfox-nature.com\/en\/wp-json\/wp\/v2\/users\/1"}],"replies":[{"embeddable":true,"href":"https:\/\/blackfox-nature.com\/en\/wp-json\/wp\/v2\/comments?post=2346"}],"version-history":[{"count":6,"href":"https:\/\/blackfox-nature.com\/en\/wp-json\/wp\/v2\/pages\/2346\/revisions"}],"predecessor-version":[{"id":2917,"href":"https:\/\/blackfox-nature.com\/en\/wp-json\/wp\/v2\/pages\/2346\/revisions\/2917"}],"wp:attachment":[{"href":"https:\/\/blackfox-nature.com\/en\/wp-json\/wp\/v2\/media?parent=2346"}],"curies":[{"name":"wp","href":"https:\/\/api.w.org\/{rel}","templated":true}]}}