
{"id":3,"date":"2024-06-19T18:06:51","date_gmt":"2024-06-19T16:06:51","guid":{"rendered":"http:\/\/vxesyvy.cluster023.hosting.ovh.net\/?page_id=3"},"modified":"2025-01-20T16:36:36","modified_gmt":"2025-01-20T15:36:36","slug":"confidentialite","status":"publish","type":"page","link":"https:\/\/blackfox-nature.com\/en\/confidentialite\/","title":{"rendered":"Privacy Policies"},"content":{"rendered":"<div data-elementor-type=\"wp-page\" data-elementor-id=\"3\" class=\"elementor elementor-3\" data-elementor-post-type=\"page\">\n\t\t\t\t<div class=\"elementor-element elementor-element-71b4ee9e e-con-full e-flex e-con e-parent\" data-id=\"71b4ee9e\" data-element_type=\"container\" data-e-type=\"container\">\n\t\t<div class=\"elementor-element elementor-element-24b7a98 e-flex e-con-boxed e-con e-child\" data-id=\"24b7a98\" data-element_type=\"container\" data-e-type=\"container\">\n\t\t\t\t\t<div class=\"e-con-inner\">\n\t\t\t\t<div class=\"elementor-element elementor-element-d02aae7 elementor-widget__width-initial animated-slow elementor-invisible elementor-widget elementor-widget-heading\" data-id=\"d02aae7\" data-element_type=\"widget\" data-e-type=\"widget\" data-settings=\"{&quot;_animation&quot;:&quot;fadeInUp&quot;}\" data-widget_type=\"heading.default\">\n\t\t\t\t<div class=\"elementor-widget-container\">\n\t\t\t\t\t<h2 class=\"elementor-heading-title elementor-size-default\">Privacy Policies<\/h2>\t\t\t\t<\/div>\n\t\t\t\t<\/div>\n\t\t\t\t<div class=\"elementor-element elementor-element-7193a6c text-with-green-link elementor-widget elementor-widget-text-editor\" data-id=\"7193a6c\" data-element_type=\"widget\" data-e-type=\"widget\" data-widget_type=\"text-editor.default\">\n\t\t\t\t<div class=\"elementor-widget-container\">\n\t\t\t\t\t\t\t\t\t<h3><b>Protecting your data is a priority for Blackfox<\/b><\/h3><p><span style=\"font-weight: 400;\">Blackfox has appointed a Data Protection Officer (DPO) to ensure compliance with the European Data Protection Regulation (RGPD).<\/span><\/p><p><span style=\"font-weight: 400;\">The role of the DPO is to implement information governance as part of our service quality commitments. He or she ensures compliance with current regulations, advises employees, raises awareness, monitors and organises processes to guarantee data protection.<\/span><\/p><p><span style=\"font-weight: 400;\">To this end, we have adopted a personal data protection policy. In it you will find information about Blackfox's main commitments, the duties of the DPO and information about your rights.<\/span><\/p><h3>\u00a0<\/h3><h3><b>What data do we collect?<\/b><\/h3><p><span style=\"font-weight: 400;\">In the course of our business and the operation of our website, we collect and process personal data relating to our prospects, customers, job seekers and other business partners (their managers, associates and\/or members of their staff), as well as users of our website.<\/span><\/p><p><span style=\"font-weight: 400;\">This data includes in particular information relating to:\u00a0<\/span><\/p><ul><li style=\"font-weight: 400;\" aria-level=\"1\"><span style=\"font-weight: 400;\">Identity, in particular surname, first name, gender;<\/span><\/li><li style=\"font-weight: 400;\" aria-level=\"1\"><span style=\"font-weight: 400;\">Personal and\/or professional life, in particular postal address, e-mail address, fixed and\/or mobile telephone numbers, position or job title;<\/span><\/li><li style=\"font-weight: 400;\" aria-level=\"1\"><span style=\"font-weight: 400;\">Information relating to our contractual relationship, in particular product purchases or orders, and complaints addressed to our company;<\/span><\/li><li style=\"font-weight: 400;\" aria-level=\"1\"><span style=\"font-weight: 400;\">Records of correspondence and communications with our company, in particular e-mails, SMS and MMS messages;<\/span><\/li><li style=\"font-weight: 400;\" aria-level=\"1\"><span style=\"font-weight: 400;\">Connection data to our website, in particular cookies, which enable us to collect information such as browser type, pages viewed, language preferences and other general traffic data;<\/span><\/li><li style=\"font-weight: 400;\" aria-level=\"1\"><span style=\"font-weight: 400;\">As well as any information communicated to us by means of the contact form accessible on our website or, more generally, by communicating with our company.<\/span><\/li><\/ul><p><span style=\"font-weight: 400;\">Where applicable, it is specified at the time the data is collected whether or not this data is necessary for the purpose in question.<\/span><\/p><h3><b>On what legal grounds do we process your data?<\/b><\/h3><p><span style=\"font-weight: 400;\">We collect and process personal data, as appropriate:<\/span><\/p><ul><li style=\"font-weight: 400;\" aria-level=\"1\"><span style=\"font-weight: 400;\">For the purposes of executing contracts entered into with candidates, jobseekers, our customers or our other business partners, or pre-contractual measures taken at their request;<\/span><\/li><li style=\"font-weight: 400;\" aria-level=\"1\"><span style=\"font-weight: 400;\">For the purposes of our legitimate interests, such as prospecting and promotion, as well as managing our relationship with prospects, customers, suppliers and other business partners;<\/span><\/li><li style=\"font-weight: 400;\" aria-level=\"1\"><span style=\"font-weight: 400;\">In order to comply with our legal and regulatory obligations and to defend our rights; and\/or<\/span><\/li><li style=\"font-weight: 400;\" aria-level=\"1\"><span style=\"font-weight: 400;\">On the basis of the consent of the individuals concerned.<\/span><\/li><\/ul><p><span style=\"font-weight: 400;\">In the event that the natural person whose personal data we are processing has objected to such processing, we may nevertheless be authorised to carry out or continue such processing on one of the other legal bases referred to above.<\/span><\/p><h3>\u00a0<\/h3><h3><b>How long do we keep your data?<\/b><\/h3><p><span style=\"font-weight: 400;\">We only keep the personal data collected for as long as is necessary for the purposes for which it was collected, in compliance with the regulations in force and without prejudice to legal retention obligations and limitation periods.<\/span><\/p><p><span style=\"font-weight: 400;\">In particular, our customers' data is kept for the duration of the contractual relationship, and for a further period of 3 years for marketing and canvassing purposes.<\/span><\/p><p><span style=\"font-weight: 400;\">An indicative table of the retention periods for data collected by our company is provided in the Appendix.<\/span><\/p><h3>\u00a0<\/h3><h3><b>To whom do we communicate your data?<\/b><\/h3><p><span style=\"font-weight: 400;\">Our company communicates or is likely to communicate the data collected to the following persons or entities:<\/span><\/p><ul><li><span style=\"font-weight: 400;\">Authorised members of our staff;<\/span><\/li><li>Other companies in our group;<\/li><li>Our sub-contractors or service providers;<\/li><li>Our statutory auditors;<\/li><li>Supervisory authorities (regulators), administrative authorities, courts.<\/li><\/ul><p><span style=\"font-weight: 400;\">The vast majority of our computer servers are located within the European Union and we do not transfer outside the European Union any personal data collected with the exception of that collected by Google Analytics cookies (USA) on our website.<\/span><\/p><p><span style=\"font-weight: 400;\">In the event that we need to transfer personal data that we have collected outside the European Union, we undertake, in compliance with the legal provisions, to ensure (i) that the country to which the transfer is made ensures an adequate level of protection by virtue of an adequacy decision by the European Commission, (ii) in the absence of such a decision, that appropriate safeguards, as referred to in Article 46 of the GDPR, have been put in place, or (iii) in the absence of an adequacy decision and the aforementioned appropriate safeguards, that the transfer of data falls within one of the cases referred to in Article 49 of the GDPR.<\/span><\/p><h3>\u00a0<\/h3><h3><b>What rights do data subjects have?<\/b><\/h3><p><span style=\"font-weight: 400;\">Any individual whose personal data is processed by our company has the following rights, as recognised by the applicable regulations:<\/span><\/p><ul><li style=\"font-weight: 400;\" aria-level=\"1\"><span style=\"font-weight: 400;\">A right of access to their data and to information relating to the processing of their data (art. 15 of the RGPD; art. 49 of the Loi Informatique et Libert\u00e9s);<\/span><\/li><li style=\"font-weight: 400;\" aria-level=\"1\"><span style=\"font-weight: 400;\">A right to rectification of inaccurate or incomplete data (art. 16 of the RGPD; art. 50 of the Loi Informatique et Libert\u00e9s);<\/span><\/li><li style=\"font-weight: 400;\" aria-level=\"1\"><span style=\"font-weight: 400;\">A right to erasure of data (art. 17 of the RGPD; art. 51 of the Loi Informatique et Libert\u00e9s);<\/span><\/li><li style=\"font-weight: 400;\" aria-level=\"1\"><span style=\"font-weight: 400;\">A right to limit the processing of his\/her data (art. 18 of the RGPD; art. 53 of the Loi Informatique et Libert\u00e9s);<\/span><\/li><li style=\"font-weight: 400;\" aria-level=\"1\"><span style=\"font-weight: 400;\">A right to data portability (art. 20 of the RGPD; art. 55 of the Loi Informatique et Libert\u00e9s);<\/span><\/li><li style=\"font-weight: 400;\" aria-level=\"1\"><span style=\"font-weight: 400;\">A right to object to the processing of their data (art. 21 of the RGPD; art. 56 of the Loi Informatique et Libert\u00e9s);<\/span><\/li><li style=\"font-weight: 400;\" aria-level=\"1\"><span style=\"font-weight: 400;\">Where data processing is based on consent, the right to withdraw consent at any time (art. 7.3 of the RGPD);<\/span><\/li><li style=\"font-weight: 400;\" aria-level=\"1\"><span style=\"font-weight: 400;\">The right to define directives relating to the conservation, deletion and communication of their personal data after their death (art. 85 of the Data Protection Act).<\/span><\/li><\/ul><p><span style=\"font-weight: 400;\">Any person concerned may, by proving their identity, exercise their rights at any time with our company, by means of the contact form accessible on the website www.blackfox-nature.com, by e-mail to\u00a0<\/span><a href=\"mailto:dpo@blackfox-nature.com\"><span style=\"font-weight: 400;\">dpo@blackfox-nature.com<\/span><\/a><span style=\"font-weight: 400;\">, or by post to : Blackfox - Data Protection Officer (RGPD), 19 avenue des Pays Bas, ZA du Val de Moine Saint-Germain-sur-Moine, 49230 SEVREMOINE (France).<\/span><\/p><p><span style=\"font-weight: 400;\">The player concerned also has the right to lodge a complaint with the Commission Nationale de l'Informatique et des Libert\u00e9s (CNIL) concerning the processing of their personal data (<\/span><a href=\"http:\/\/www.cnil.fr\/fr\/plaintes\"><span style=\"font-weight: 400;\">www.cnil.fr\/fr\/plaintes<\/span><\/a><span style=\"font-weight: 400;\">).<\/span><\/p><p>\u00a0<\/p><h3><b>Identity of the data controller<\/b><\/h3><p><span style=\"font-weight: 400;\">The data controller is Blackfox, a soci\u00e9t\u00e9 par actions simplifi\u00e9e (simplified joint stock company) with a share capital of 5,000,000 euros, whose registered office is located at 19 avenue des Pays Bas, ZA du Val de Moine Saint-Germain-sur-Moine, 49230 SEVREMOINE (France), registered in the ANGERS Trade and Companies Register under number 351 962 964.<\/span><span style=\"font-weight: 400;\"><br \/><\/span><span style=\"font-weight: 400;\"><br \/><\/span><span style=\"font-weight: 400;\">Correspondence address: registered office address above<\/span><span style=\"font-weight: 400;\"><br \/><\/span><span style=\"font-weight: 400;\">Telephone number: + 33 (0)2 41 63 35 36<\/span><span style=\"font-weight: 400;\"><br \/><\/span><span style=\"font-weight: 400;\">Email\u00a0: <\/span><a href=\"mailto:dpo@blackfox-nature.com\"><span style=\"font-weight: 400;\">dpo@blackfox-nature.com<\/span><\/a><\/p><h3>\u00a0<\/h3><p>Appendix<\/p><h3 style=\"text-align: center;\"><strong>Indicative table of retention periods<\/strong><\/h3><table><tbody><tr><td><p><span style=\"font-weight: 400;\">Purpose of processing<\/span><\/p><\/td><td><p><span style=\"font-weight: 400;\">Shelf life<\/span><\/p><\/td><\/tr><tr><td><p><span style=\"font-weight: 400;\">Preservation of contracts concluded with our customers<\/span><\/p><\/td><td><p><span style=\"font-weight: 400;\">5 years<\/span><\/p><p><span style=\"font-weight: 400;\">10 years where the contract is concluded with a consumer electronically and is for a sum equal to or greater than 120 euros<\/span><\/p><\/td><\/tr><tr><td><p><span style=\"font-weight: 400;\">Management of orders<\/span><\/p><p><span style=\"font-weight: 400;\">Management of deliveries<\/span><\/p><p><span style=\"font-weight: 400;\">Management of invoicing<\/span><\/p><p><span style=\"font-weight: 400;\">Accounting, management of customer accounts<\/span><\/p><\/td><td><p><span style=\"font-weight: 400;\">10 years<\/span><\/p><\/td><\/tr><tr><td><p><span style=\"font-weight: 400;\">Customer file management<\/span><\/p><p><span style=\"font-weight: 400;\">Management and monitoring of commercial relations with customers, suppliers and other business partners<\/span><\/p><p><span style=\"font-weight: 400;\">\u00a0<\/span><\/p><\/td><td><p><span style=\"font-weight: 400;\">For the duration of the commercial relationship, then for 3 years from the end of the relationship, for the purposes of sales promotion and commercial prospecting, without prejudice to applicable retention obligations or limitation periods<\/span><\/p><\/td><\/tr><tr><td><p><span style=\"font-weight: 400;\">Creation and management of a file of prospective customers<\/span><\/p><\/td><td><p><span style=\"font-weight: 400;\">3 years from the date of collection of the data or the last contact from the prospect<\/span><\/p><\/td><\/tr><tr><td><p><span style=\"font-weight: 400;\">Improving navigation and the user experience on our website<\/span><\/p><p><span style=\"font-weight: 400;\">Audience measurement statistics<\/span><\/p><\/td><td><p><span style=\"font-weight: 400;\">13 months<\/span><\/p><\/td><\/tr><tr><td><p><span style=\"font-weight: 400;\">Management of newsletters and other similar communications<\/span><\/p><\/td><td><p><span style=\"font-weight: 400;\">Until the data subject unsubscribes<\/span><\/p><\/td><\/tr><tr><td><p><span style=\"font-weight: 400;\">Sending solicitations (emailings, telephone calls, SMS, faxes, etc.)<\/span><\/p><\/td><td><p><span style=\"font-weight: 400;\">3 years from the date of collection or last contact from the prospect<\/span><\/p><\/td><\/tr><\/tbody><\/table>\t\t\t\t\t\t\t\t<\/div>\n\t\t\t\t<\/div>\n\t\t\t\t\t<\/div>\n\t\t\t\t<\/div>\n\t\t\t\t<\/div>\n\t\t\t\t<\/div>","protected":false},"excerpt":{"rendered":"<p>Politique de confidentialit\u00e9 La protection de vos donn\u00e9es est une priorit\u00e9 de Blackfox Dans une d\u00e9marche de conformit\u00e9 au R\u00e8glement Europ\u00e9en sur la Protection des Donn\u00e9es (RGPD), Blackfox a d\u00e9sign\u00e9 un D\u00e9l\u00e9gu\u00e9 \u00e0 la Protection des Donn\u00e9es (DPO). Le DPO a pour r\u00f4le de mettre en \u0153uvre la gouvernance de l\u2019information qui s\u2019inscrit dans nos [&hellip;]<\/p>\n","protected":false},"author":1,"featured_media":0,"parent":0,"menu_order":0,"comment_status":"closed","ping_status":"closed","template":"","meta":{"_acf_changed":false,"footnotes":""},"class_list":["post-3","page","type-page","status-publish","hentry"],"acf":[],"_links":{"self":[{"href":"https:\/\/blackfox-nature.com\/en\/wp-json\/wp\/v2\/pages\/3","targetHints":{"allow":["GET"]}}],"collection":[{"href":"https:\/\/blackfox-nature.com\/en\/wp-json\/wp\/v2\/pages"}],"about":[{"href":"https:\/\/blackfox-nature.com\/en\/wp-json\/wp\/v2\/types\/page"}],"author":[{"embeddable":true,"href":"https:\/\/blackfox-nature.com\/en\/wp-json\/wp\/v2\/users\/1"}],"replies":[{"embeddable":true,"href":"https:\/\/blackfox-nature.com\/en\/wp-json\/wp\/v2\/comments?post=3"}],"version-history":[{"count":3,"href":"https:\/\/blackfox-nature.com\/en\/wp-json\/wp\/v2\/pages\/3\/revisions"}],"predecessor-version":[{"id":2681,"href":"https:\/\/blackfox-nature.com\/en\/wp-json\/wp\/v2\/pages\/3\/revisions\/2681"}],"wp:attachment":[{"href":"https:\/\/blackfox-nature.com\/en\/wp-json\/wp\/v2\/media?parent=3"}],"curies":[{"name":"wp","href":"https:\/\/api.w.org\/{rel}","templated":true}]}}