
{"id":618,"date":"2024-10-07T11:46:10","date_gmt":"2024-10-07T09:46:10","guid":{"rendered":"http:\/\/vxesyvy.cluster023.hosting.ovh.net\/?page_id=618"},"modified":"2025-01-08T09:20:12","modified_gmt":"2025-01-08T08:20:12","slug":"histoire","status":"publish","type":"page","link":"https:\/\/blackfox-nature.com\/en\/a-propos\/histoire\/","title":{"rendered":"Both feet in nature with Blackfox!"},"content":{"rendered":"<div data-elementor-type=\"wp-page\" data-elementor-id=\"618\" class=\"elementor elementor-618\" data-elementor-post-type=\"page\">\n\t\t\t\t<div class=\"elementor-element elementor-element-f0b0584 scroll-section-1 e-flex e-con-boxed e-con e-child\" data-id=\"f0b0584\" data-element_type=\"container\" data-e-type=\"container\">\n\t\t\t\t\t<div class=\"e-con-inner\">\n\t\t\t\t<div class=\"elementor-element elementor-element-f74e574 elementor-absolute elementor-hidden-mobile elementor-widget elementor-widget-image\" data-id=\"f74e574\" data-element_type=\"widget\" data-e-type=\"widget\" data-settings=\"{&quot;_position&quot;:&quot;absolute&quot;}\" data-widget_type=\"image.default\">\n\t\t\t\t<div class=\"elementor-widget-container\">\n\t\t\t\t\t\t\t\t\t\t\t\t\t\t\t<img fetchpriority=\"high\" decoding=\"async\" width=\"800\" height=\"539\" src=\"https:\/\/blackfox-nature.com\/wp-content\/uploads\/2024\/09\/FEUILLEJAUNE-1024x690.png\" class=\"attachment-large size-large wp-image-213\" alt=\"\" srcset=\"https:\/\/blackfox-nature.com\/wp-content\/uploads\/2024\/09\/FEUILLEJAUNE-1024x690.png 1024w, https:\/\/blackfox-nature.com\/wp-content\/uploads\/2024\/09\/FEUILLEJAUNE-300x202.png 300w, https:\/\/blackfox-nature.com\/wp-content\/uploads\/2024\/09\/FEUILLEJAUNE-768x518.png 768w, https:\/\/blackfox-nature.com\/wp-content\/uploads\/2024\/09\/FEUILLEJAUNE-1536x1035.png 1536w, https:\/\/blackfox-nature.com\/wp-content\/uploads\/2024\/09\/FEUILLEJAUNE.png 2048w\" sizes=\"(max-width: 800px) 100vw, 800px\" \/>\t\t\t\t\t\t\t\t\t\t\t\t\t\t\t<\/div>\n\t\t\t\t<\/div>\n\t\t\t\t<div class=\"elementor-element elementor-element-d9f11e9 elementor-widget elementor-widget-button\" data-id=\"d9f11e9\" data-element_type=\"widget\" data-e-type=\"widget\" data-widget_type=\"button.default\">\n\t\t\t\t<div class=\"elementor-widget-container\">\n\t\t\t\t\t\t\t\t\t<div class=\"elementor-button-wrapper\">\n\t\t\t\t\t<a class=\"elementor-button elementor-button-link elementor-size-sm\" href=\"\/en\/a-propos\/\">\n\t\t\t\t\t\t<span class=\"elementor-button-content-wrapper\">\n\t\t\t\t\t\t<span class=\"elementor-button-icon\">\n\t\t\t\t<svg aria-hidden=\"true\" class=\"e-font-icon-svg e-fas-angle-left\" viewbox=\"0 0 256 512\" xmlns=\"http:\/\/www.w3.org\/2000\/svg\"><path d=\"M31.7 239l136-136c9.4-9.4 24.6-9.4 33.9 0l22.6 22.6c9.4 9.4 9.4 24.6 0 33.9L127.9 256l96.4 96.4c9.4 9.4 9.4 24.6 0 33.9L201.7 409c-9.4 9.4-24.6 9.4-33.9 0l-136-136c-9.5-9.4-9.5-24.6-.1-34z\"><\/path><\/svg>\t\t\t<\/span>\n\t\t\t\t\t\t\t\t\t<span class=\"elementor-button-text\">About us<\/span>\n\t\t\t\t\t<\/span>\n\t\t\t\t\t<\/a>\n\t\t\t\t<\/div>\n\t\t\t\t\t\t\t\t<\/div>\n\t\t\t\t<\/div>\n\t\t\t\t<div class=\"elementor-element elementor-element-25e59a4 elementor-widget__width-initial animated-slow elementor-invisible elementor-widget elementor-widget-heading\" data-id=\"25e59a4\" data-element_type=\"widget\" data-e-type=\"widget\" data-settings=\"{&quot;_animation&quot;:&quot;fadeInUp&quot;}\" data-widget_type=\"heading.default\">\n\t\t\t\t<div class=\"elementor-widget-container\">\n\t\t\t\t\t<h2 class=\"elementor-heading-title elementor-size-default\">Both feet in nature with Blackfox!<\/h2>\t\t\t\t<\/div>\n\t\t\t\t<\/div>\n\t\t\t\t<div class=\"elementor-element elementor-element-48512da elementor-widget__width-inherit elementor-invisible elementor-widget elementor-widget-heading\" data-id=\"48512da\" data-element_type=\"widget\" data-e-type=\"widget\" data-settings=\"{&quot;_animation&quot;:&quot;fadeInUp&quot;}\" data-widget_type=\"heading.default\">\n\t\t\t\t<div class=\"elementor-widget-container\">\n\t\t\t\t\t<h4 class=\"elementor-heading-title elementor-size-default\">An unusual fox<\/h4>\t\t\t\t<\/div>\n\t\t\t\t<\/div>\n\t\t\t\t<div class=\"elementor-element elementor-element-19cc139 elementor-widget elementor-widget-text-editor\" data-id=\"19cc139\" data-element_type=\"widget\" data-e-type=\"widget\" data-widget_type=\"text-editor.default\">\n\t\t\t\t<div class=\"elementor-widget-container\">\n\t\t\t\t\t\t\t\t\t<p><strong>In 2012, we felt the need to create an emblematic figure capable of conveying our passion for gardening and the outdoors to nature lovers. <\/strong>Brainstorming, research and sketches followed one another for several weeks to give birth more than 10 years ago to Blackfox, a black fox, for us a symbol of simple and authentic nature. A black fox... not so common, certainly... In fact, one of a kind! Creative, curious and original, Blackfox has begun to put shoes on for outdoor enthusiasts in France (and far beyond!).\u00a0<\/p><p><strong>In 2025, Blackfox is getting a makeover! After 12 years of loyal service, our logo is getting a facelift. <\/strong>Plus moderne et dynamique, il incarne davantage nos valeurs de joie de vivre et de libert\u00e9. Une \u00e9volution indispensable pour s\u2019adapter \u00e0 notre gamme et notre client\u00e8le, qui ont \u00e9volu\u00e9 au fil des ans !<br \/>Une \u00e9volution de logo qui s\u2019accompagne d\u2019un changement d\u2019entit\u00e9. En fusionnant la marque consommateur avec notre nom d\u2019entreprise, autrefois appel\u00e9e AJS, nous affirmons notre nouvelle identit\u00e9 unique.<\/p>\t\t\t\t\t\t\t\t<\/div>\n\t\t\t\t<\/div>\n\t\t<div class=\"elementor-element elementor-element-54e66e0 e-con-full e-flex e-con e-child\" data-id=\"54e66e0\" data-element_type=\"container\" data-e-type=\"container\">\n\t\t\t\t<div class=\"elementor-element elementor-element-ff93f5c elementor-invisible elementor-widget elementor-widget-image\" data-id=\"ff93f5c\" data-element_type=\"widget\" data-e-type=\"widget\" data-settings=\"{&quot;_animation&quot;:&quot;fadeInLeft&quot;,&quot;_animation_delay&quot;:300}\" data-widget_type=\"image.default\">\n\t\t\t\t<div class=\"elementor-widget-container\">\n\t\t\t\t\t\t\t\t\t\t\t\t\t\t\t<img decoding=\"async\" width=\"768\" height=\"269\" src=\"https:\/\/blackfox-nature.com\/wp-content\/uploads\/2024\/10\/ancien-logo-Blackfox-768x269.png\" class=\"attachment-medium_large size-medium_large wp-image-625\" alt=\"\" srcset=\"https:\/\/blackfox-nature.com\/wp-content\/uploads\/2024\/10\/ancien-logo-Blackfox-768x269.png 768w, https:\/\/blackfox-nature.com\/wp-content\/uploads\/2024\/10\/ancien-logo-Blackfox-300x105.png 300w, https:\/\/blackfox-nature.com\/wp-content\/uploads\/2024\/10\/ancien-logo-Blackfox-1024x358.png 1024w, https:\/\/blackfox-nature.com\/wp-content\/uploads\/2024\/10\/ancien-logo-Blackfox-18x6.png 18w, https:\/\/blackfox-nature.com\/wp-content\/uploads\/2024\/10\/ancien-logo-Blackfox.png 1200w\" sizes=\"(max-width: 768px) 100vw, 768px\" \/>\t\t\t\t\t\t\t\t\t\t\t\t\t\t\t<\/div>\n\t\t\t\t<\/div>\n\t\t\t\t<div class=\"elementor-element elementor-element-8807afc e-transform elementor-view-default elementor-invisible elementor-widget elementor-widget-icon\" data-id=\"8807afc\" data-element_type=\"widget\" data-e-type=\"widget\" data-settings=\"{&quot;_transform_rotateZ_effect_mobile&quot;:{&quot;unit&quot;:&quot;deg&quot;,&quot;size&quot;:90,&quot;sizes&quot;:[]},&quot;_animation&quot;:&quot;fadeIn&quot;,&quot;_animation_delay&quot;:300,&quot;_transform_rotateZ_effect&quot;:{&quot;unit&quot;:&quot;px&quot;,&quot;size&quot;:&quot;&quot;,&quot;sizes&quot;:[]},&quot;_transform_rotateZ_effect_tablet&quot;:{&quot;unit&quot;:&quot;deg&quot;,&quot;size&quot;:&quot;&quot;,&quot;sizes&quot;:[]}}\" data-widget_type=\"icon.default\">\n\t\t\t\t<div class=\"elementor-widget-container\">\n\t\t\t\t\t\t\t<div class=\"elementor-icon-wrapper\">\n\t\t\t<div class=\"elementor-icon\">\n\t\t\t<svg aria-hidden=\"true\" class=\"e-font-icon-svg e-fas-arrow-right\" viewbox=\"0 0 448 512\" xmlns=\"http:\/\/www.w3.org\/2000\/svg\"><path d=\"M190.5 66.9l22.2-22.2c9.4-9.4 24.6-9.4 33.9 0L441 239c9.4 9.4 9.4 24.6 0 33.9L246.6 467.3c-9.4 9.4-24.6 9.4-33.9 0l-22.2-22.2c-9.5-9.5-9.3-25 .4-34.3L311.4 296H24c-13.3 0-24-10.7-24-24v-32c0-13.3 10.7-24 24-24h287.4L190.9 101.2c-9.8-9.3-10-24.8-.4-34.3z\"><\/path><\/svg>\t\t\t<\/div>\n\t\t<\/div>\n\t\t\t\t\t\t<\/div>\n\t\t\t\t<\/div>\n\t\t\t\t<div class=\"elementor-element elementor-element-e7cef33 elementor-invisible elementor-widget elementor-widget-image\" data-id=\"e7cef33\" data-element_type=\"widget\" data-e-type=\"widget\" data-settings=\"{&quot;_animation&quot;:&quot;fadeInRight&quot;,&quot;_animation_delay&quot;:300}\" data-widget_type=\"image.default\">\n\t\t\t\t<div class=\"elementor-widget-container\">\n\t\t\t\t\t\t\t\t\t\t\t\t\t\t\t<img decoding=\"async\" width=\"529\" height=\"268\" src=\"https:\/\/blackfox-nature.com\/wp-content\/uploads\/2024\/09\/NOUVEAU-LOGO-BLACKFOX.png\" class=\"attachment-medium_large size-medium_large wp-image-108\" alt=\"\" srcset=\"https:\/\/blackfox-nature.com\/wp-content\/uploads\/2024\/09\/NOUVEAU-LOGO-BLACKFOX.png 529w, https:\/\/blackfox-nature.com\/wp-content\/uploads\/2024\/09\/NOUVEAU-LOGO-BLACKFOX-300x152.png 300w\" sizes=\"(max-width: 529px) 100vw, 529px\" \/>\t\t\t\t\t\t\t\t\t\t\t\t\t\t\t<\/div>\n\t\t\t\t<\/div>\n\t\t\t\t<\/div>\n\t\t<div class=\"elementor-element elementor-element-7557a03 e-con-full e-flex elementor-invisible e-con e-child\" data-id=\"7557a03\" data-element_type=\"container\" data-e-type=\"container\" data-settings=\"{&quot;background_background&quot;:&quot;classic&quot;,&quot;animation&quot;:&quot;fadeIn&quot;,&quot;animation_delay&quot;:900}\">\n\t\t\t\t<div class=\"elementor-element elementor-element-30d2716 elementor-widget__width-initial elementor-widget-mobile__width-inherit elementor-widget elementor-widget-heading\" data-id=\"30d2716\" data-element_type=\"widget\" data-e-type=\"widget\" data-widget_type=\"heading.default\">\n\t\t\t\t<div class=\"elementor-widget-container\">\n\t\t\t\t\t<h4 class=\"elementor-heading-title elementor-size-default\">The Blackfox identity now embodies our commitment and our passion, reflecting our innovative and friendly state of mind.<\/h4>\t\t\t\t<\/div>\n\t\t\t\t<\/div>\n\t\t\t\t<\/div>\n\t\t<div class=\"elementor-element elementor-element-fbdfb8c e-grid e-con-full e-con e-child\" data-id=\"fbdfb8c\" data-element_type=\"container\" data-e-type=\"container\">\n\t\t<div class=\"elementor-element elementor-element-47464b1 e-con-full e-flex elementor-invisible e-con e-child\" data-id=\"47464b1\" data-element_type=\"container\" data-e-type=\"container\" data-settings=\"{&quot;background_background&quot;:&quot;classic&quot;,&quot;animation&quot;:&quot;fadeIn&quot;}\">\n\t\t\t\t<\/div>\n\t\t<div class=\"elementor-element elementor-element-1b83cf5 e-con-full e-flex elementor-invisible e-con e-child\" data-id=\"1b83cf5\" data-element_type=\"container\" data-e-type=\"container\" data-settings=\"{&quot;background_background&quot;:&quot;classic&quot;,&quot;animation&quot;:&quot;fadeIn&quot;,&quot;animation_delay&quot;:300}\">\n\t\t\t\t<\/div>\n\t\t<div class=\"elementor-element elementor-element-58778bf e-con-full e-flex elementor-invisible e-con e-child\" data-id=\"58778bf\" data-element_type=\"container\" data-e-type=\"container\" data-settings=\"{&quot;background_background&quot;:&quot;classic&quot;,&quot;animation&quot;:&quot;fadeIn&quot;,&quot;animation_delay&quot;:300}\">\n\t\t\t\t<div class=\"elementor-element elementor-element-74dbad4 elementor-widget-mobile__width-inherit elementor-widget elementor-widget-heading\" data-id=\"74dbad4\" data-element_type=\"widget\" data-e-type=\"widget\" data-widget_type=\"heading.default\">\n\t\t\t\t<div class=\"elementor-widget-container\">\n\t\t\t\t\t<h4 class=\"elementor-heading-title elementor-size-default\">Taking the time to enjoy the fresh air and its benefits, turning outdoor activities into moments of joy, between sharing, discovering and jumping in puddles, that's the ambition of Blackfox!<\/h4>\t\t\t\t<\/div>\n\t\t\t\t<\/div>\n\t\t\t\t<\/div>\n\t\t<div class=\"elementor-element elementor-element-8be9e5d e-con-full e-flex elementor-invisible e-con e-child\" data-id=\"8be9e5d\" data-element_type=\"container\" data-e-type=\"container\" data-settings=\"{&quot;background_background&quot;:&quot;classic&quot;,&quot;animation&quot;:&quot;fadeIn&quot;,&quot;animation_delay&quot;:0}\">\n\t\t\t\t<\/div>\n\t\t\t\t<\/div>\n\t\t<div class=\"elementor-element elementor-element-2d3aeac e-con-full e-flex e-con e-child\" data-id=\"2d3aeac\" data-element_type=\"container\" data-e-type=\"container\">\n\t\t<div class=\"elementor-element elementor-element-903c14b e-con-full e-flex e-con e-child\" data-id=\"903c14b\" data-element_type=\"container\" data-e-type=\"container\">\n\t\t\t\t<\/div>\n\t\t<div class=\"elementor-element elementor-element-df0e03a e-con-full e-flex e-con e-child\" data-id=\"df0e03a\" data-element_type=\"container\" data-e-type=\"container\">\n\t\t\t\t<div class=\"elementor-element elementor-element-15c1a8f elementor-align-right elementor-mobile-align-justify elementor-widget elementor-widget-button\" data-id=\"15c1a8f\" data-element_type=\"widget\" data-e-type=\"widget\" data-widget_type=\"button.default\">\n\t\t\t\t<div class=\"elementor-widget-container\">\n\t\t\t\t\t\t\t\t\t<div class=\"elementor-button-wrapper\">\n\t\t\t\t\t<a class=\"elementor-button elementor-button-link elementor-size-sm\" href=\"\/en\/produits\/\">\n\t\t\t\t\t\t<span class=\"elementor-button-content-wrapper\">\n\t\t\t\t\t\t\t\t\t<span class=\"elementor-button-text\">Find out more about our product range<\/span>\n\t\t\t\t\t<\/span>\n\t\t\t\t\t<\/a>\n\t\t\t\t<\/div>\n\t\t\t\t\t\t\t\t<\/div>\n\t\t\t\t<\/div>\n\t\t\t\t<\/div>\n\t\t\t\t<\/div>\n\t\t\t\t\t<\/div>\n\t\t\t\t<\/div>\n\t\t\t\t<\/div>","protected":false},"excerpt":{"rendered":"<p>\u00c0 propos Les deux pieds dans la nature avec Blackfox Un renard pas si commun En 2012, nous avons ressenti le besoin de cr\u00e9er une figure embl\u00e9matique capable de transmettre notre passion du jardin et de l&rsquo;outdoor aux amoureux de la nature. Brainstorming,\u00a0 recherches\u00a0 et\u00a0 croquis\u00a0 se sont succ\u00e9d\u00e9s pendant plusieurs semaines pour\u00a0 donner naissance [&hellip;]<\/p>\n","protected":false},"author":1,"featured_media":0,"parent":29,"menu_order":0,"comment_status":"closed","ping_status":"closed","template":"","meta":{"_acf_changed":false,"footnotes":""},"class_list":["post-618","page","type-page","status-publish","hentry"],"acf":[],"_links":{"self":[{"href":"https:\/\/blackfox-nature.com\/en\/wp-json\/wp\/v2\/pages\/618","targetHints":{"allow":["GET"]}}],"collection":[{"href":"https:\/\/blackfox-nature.com\/en\/wp-json\/wp\/v2\/pages"}],"about":[{"href":"https:\/\/blackfox-nature.com\/en\/wp-json\/wp\/v2\/types\/page"}],"author":[{"embeddable":true,"href":"https:\/\/blackfox-nature.com\/en\/wp-json\/wp\/v2\/users\/1"}],"replies":[{"embeddable":true,"href":"https:\/\/blackfox-nature.com\/en\/wp-json\/wp\/v2\/comments?post=618"}],"version-history":[{"count":0,"href":"https:\/\/blackfox-nature.com\/en\/wp-json\/wp\/v2\/pages\/618\/revisions"}],"up":[{"embeddable":true,"href":"https:\/\/blackfox-nature.com\/en\/wp-json\/wp\/v2\/pages\/29"}],"wp:attachment":[{"href":"https:\/\/blackfox-nature.com\/en\/wp-json\/wp\/v2\/media?parent=618"}],"curies":[{"name":"wp","href":"https:\/\/api.w.org\/{rel}","templated":true}]}}